{"id":7745,"date":"2026-01-06T18:32:13","date_gmt":"2026-01-06T21:32:13","guid":{"rendered":"https:\/\/alagev.org\/?page_id=7745"},"modified":"2026-01-06T20:01:30","modified_gmt":"2026-01-06T23:01:30","slug":"trabalhe-conosco","status":"publish","type":"page","link":"https:\/\/alagev.org\/en\/trabalhe-conosco\/","title":{"rendered":"Trabalhe conosco"},"content":{"rendered":"<div data-elementor-type=\"wp-page\" data-elementor-id=\"7745\" class=\"elementor elementor-7745\" data-elementor-post-type=\"page\">\n\t\t\t\t<div class=\"elementor-element elementor-element-bca8933 e-flex e-con-boxed e-con e-parent\" data-id=\"bca8933\" data-element_type=\"container\" data-settings=\"{&quot;background_background&quot;:&quot;classic&quot;,&quot;jet_parallax_layout_list&quot;:[]}\">\n\t\t\t\t\t<div class=\"e-con-inner\">\n\t\t<div class=\"elementor-element elementor-element-63cd470 e-con-full e-flex e-con e-child\" data-id=\"63cd470\" data-element_type=\"container\" data-settings=\"{&quot;jet_parallax_layout_list&quot;:[]}\">\n\t\t\t\t<div class=\"elementor-element elementor-element-6d8048a destaque-rosa elementor-widget__width-initial elementor-invisible elementor-widget elementor-widget-heading\" data-id=\"6d8048a\" data-element_type=\"widget\" data-settings=\"{&quot;_animation&quot;:&quot;fadeInRight&quot;}\" data-widget_type=\"heading.default\">\n\t\t\t\t\t<h2 class=\"elementor-heading-title elementor-size-default\"><span>TRABALHE NA ALAGEV<\/span> <br>\nAqui trabalho tem prop\u00f3sito, aprendizado e impacto de verdade<\/h2>\t\t\t\t<\/div>\n\t\t\t\t<div class=\"elementor-element elementor-element-2f6d524 elementor-widget__width-initial elementor-widget elementor-widget-text-editor\" data-id=\"2f6d524\" data-element_type=\"widget\" data-widget_type=\"text-editor.default\">\n\t\t\t\t\t\t\t\t\t<p data-start=\"233\" data-end=\"484\">Somos uma associa\u00e7\u00e3o que conecta pessoas, ideias e empresas para desenvolver o mercado de viagens, eventos e mobilidade corporativa \u2014 e fazemos isso juntos, todos os dias.<\/p><p data-start=\"486\" data-end=\"589\">Se voc\u00ea gosta de ambientes din\u00e2micos, colaborativos e cheios de desafios, talvez este seja o seu lugar. Trabalhar aqui \u00e9 fazer parte de um <strong>ecossistema vivo<\/strong>, onde nada \u00e9 engessado e tudo est\u00e1 em constru\u00e7\u00e3o. Aqui, voc\u00ea n\u00e3o \u00e9 s\u00f3 mais um cargo: voc\u00ea participa, opina, cria e ajuda a transformar ideias em entregas reais.<\/p><p data-start=\"833\" data-end=\"931\"><strong>Valorizamos quem tem atitude, curiosidade, senso de responsabilidade e vontade de fazer acontecer.<\/strong><\/p>\t\t\t\t\t\t\t\t<\/div>\n\t\t\t\t<div class=\"elementor-element elementor-element-68e4485 elementor-widget elementor-widget-html\" data-id=\"68e4485\" data-element_type=\"widget\" data-widget_type=\"html.default\">\n\t\t\t\t\t<script>\ndocument.addEventListener(\"DOMContentLoaded\", function () {\n    document.querySelectorAll(\".e-n-accordion-item-title\").forEach(function (title) {\n        title.addEventListener(\"click\", function () {\n            let accordionItem = this.closest(\".e-n-accordion-item\");\n            if (accordionItem) {\n                setTimeout(() => {\n                    window.scrollTo({\n                        top: accordionItem.getBoundingClientRect().top + window.scrollY - 20,\n                        behavior: \"smooth\"\n                    });\n                }, 300);\n            }\n        });\n    });\n});\n<\/script>\t\t\t\t<\/div>\n\t\t\t\t<div class=\"elementor-element elementor-element-b29d6be elementor-align-right elementor-absolute elementor-hidden-mobile elementor-mobile-align-center elementor-widget elementor-widget-lottie\" data-id=\"b29d6be\" data-element_type=\"widget\" data-settings=\"{&quot;source_json&quot;:{&quot;url&quot;:&quot;https:\\\/\\\/alagev.org\\\/wp-content\\\/uploads\\\/2025\\\/01\\\/3vezes_rosa.json&quot;,&quot;id&quot;:1539,&quot;size&quot;:&quot;&quot;,&quot;alt&quot;:&quot;&quot;,&quot;source&quot;:&quot;library&quot;},&quot;trigger&quot;:&quot;bind_to_scroll&quot;,&quot;_position&quot;:&quot;absolute&quot;,&quot;source&quot;:&quot;media_file&quot;,&quot;caption_source&quot;:&quot;none&quot;,&quot;link_to&quot;:&quot;none&quot;,&quot;viewport&quot;:{&quot;unit&quot;:&quot;%&quot;,&quot;size&quot;:&quot;&quot;,&quot;sizes&quot;:{&quot;start&quot;:0,&quot;end&quot;:100}},&quot;effects_relative_to&quot;:&quot;viewport&quot;,&quot;start_point&quot;:{&quot;unit&quot;:&quot;%&quot;,&quot;size&quot;:0,&quot;sizes&quot;:[]},&quot;end_point&quot;:{&quot;unit&quot;:&quot;%&quot;,&quot;size&quot;:100,&quot;sizes&quot;:[]},&quot;renderer&quot;:&quot;svg&quot;}\" data-widget_type=\"lottie.default\">\n\t\t\t\t\t<div class=\"e-lottie__container\"><div class=\"e-lottie__animation\"><\/div><\/div>\t\t\t\t<\/div>\n\t\t\t\t<\/div>\n\t\t\t\t<div class=\"elementor-element elementor-element-2f8aa1d elementor-invisible elementor-widget elementor-widget-heading\" data-id=\"2f8aa1d\" data-element_type=\"widget\" data-settings=\"{&quot;_animation&quot;:&quot;fadeInRight&quot;}\" data-widget_type=\"heading.default\">\n\t\t\t\t\t<h2 class=\"elementor-heading-title elementor-size-default\">o que voc\u00ea ganha ao trabalhar com a gente\n\u200b\n<\/h2>\t\t\t\t<\/div>\n\t\t<div class=\"elementor-element elementor-element-17f0df4 e-con-full e-flex e-con e-child\" data-id=\"17f0df4\" data-element_type=\"container\" data-settings=\"{&quot;jet_parallax_layout_list&quot;:[]}\">\n\t\t<div class=\"elementor-element elementor-element-4206261 e-con-full e-flex e-con e-child\" data-id=\"4206261\" data-element_type=\"container\" data-settings=\"{&quot;jet_parallax_layout_list&quot;:[]}\">\n\t\t<div class=\"elementor-element elementor-element-b248949 e-con-full e-flex e-con e-child\" data-id=\"b248949\" data-element_type=\"container\" data-settings=\"{&quot;background_background&quot;:&quot;classic&quot;,&quot;jet_parallax_layout_list&quot;:[]}\">\n\t\t\t\t<div class=\"elementor-element elementor-element-d21d984 elementor-widget__width-inherit elementor-position-top elementor-widget elementor-widget-image-box\" data-id=\"d21d984\" data-element_type=\"widget\" data-widget_type=\"image-box.default\">\n\t\t\t\t\t<div class=\"elementor-image-box-wrapper\"><figure class=\"elementor-image-box-img\"><img decoding=\"async\" width=\"117\" height=\"117\" src=\"https:\/\/alagev.org\/wp-content\/uploads\/2025\/01\/icone.svg\" class=\"attachment-full size-full wp-image-1148\" alt=\"\" \/><\/figure><div class=\"elementor-image-box-content\"><p class=\"elementor-image-box-description\"><b>Trabalho com prop\u00f3sito<\/b>: seu dia a dia gera impacto real no mercado.<\/p><\/div><\/div>\t\t\t\t<\/div>\n\t\t\t\t<\/div>\n\t\t<div class=\"elementor-element elementor-element-2caac09 e-con-full e-flex e-con e-child\" data-id=\"2caac09\" data-element_type=\"container\" data-settings=\"{&quot;background_background&quot;:&quot;classic&quot;,&quot;jet_parallax_layout_list&quot;:[]}\">\n\t\t\t\t<div class=\"elementor-element elementor-element-c5e0b27 elementor-widget__width-inherit elementor-position-top elementor-widget elementor-widget-image-box\" data-id=\"c5e0b27\" data-element_type=\"widget\" data-widget_type=\"image-box.default\">\n\t\t\t\t\t<div class=\"elementor-image-box-wrapper\"><figure class=\"elementor-image-box-img\"><img decoding=\"async\" width=\"117\" height=\"117\" src=\"https:\/\/alagev.org\/wp-content\/uploads\/2025\/01\/icone.svg\" class=\"attachment-full size-full wp-image-1148\" alt=\"\" \/><\/figure><div class=\"elementor-image-box-content\"><p class=\"elementor-image-box-description\"><b>Aprendizado constante:<\/b> contato com profissionais incr\u00edveis, especialistas e l\u00edderes do setor.\n\n<\/p><\/div><\/div>\t\t\t\t<\/div>\n\t\t\t\t<\/div>\n\t\t<div class=\"elementor-element elementor-element-4008e75 e-con-full e-flex e-con e-child\" data-id=\"4008e75\" data-element_type=\"container\" data-settings=\"{&quot;background_background&quot;:&quot;classic&quot;,&quot;jet_parallax_layout_list&quot;:[]}\">\n\t\t\t\t<div class=\"elementor-element elementor-element-7dc74ff elementor-widget__width-inherit elementor-position-top elementor-widget elementor-widget-image-box\" data-id=\"7dc74ff\" data-element_type=\"widget\" data-widget_type=\"image-box.default\">\n\t\t\t\t\t<div class=\"elementor-image-box-wrapper\"><figure class=\"elementor-image-box-img\"><img decoding=\"async\" width=\"117\" height=\"117\" src=\"https:\/\/alagev.org\/wp-content\/uploads\/2025\/01\/icone.svg\" class=\"attachment-full size-full wp-image-1148\" alt=\"\" \/><\/figure><div class=\"elementor-image-box-content\"><p class=\"elementor-image-box-description\"><b>Espa\u00e7o para crescer: <\/b>autonomia para propor, testar, errar, aprender e evoluir.\n<\/p><\/div><\/div>\t\t\t\t<\/div>\n\t\t\t\t<\/div>\n\t\t<div class=\"elementor-element elementor-element-2d2af02 e-con-full e-flex e-con e-child\" data-id=\"2d2af02\" data-element_type=\"container\" data-settings=\"{&quot;background_background&quot;:&quot;classic&quot;,&quot;jet_parallax_layout_list&quot;:[]}\">\n\t\t\t\t<div class=\"elementor-element elementor-element-23b23ce elementor-widget__width-inherit elementor-position-top elementor-widget elementor-widget-image-box\" data-id=\"23b23ce\" data-element_type=\"widget\" data-widget_type=\"image-box.default\">\n\t\t\t\t\t<div class=\"elementor-image-box-wrapper\"><figure class=\"elementor-image-box-img\"><img decoding=\"async\" width=\"117\" height=\"117\" src=\"https:\/\/alagev.org\/wp-content\/uploads\/2025\/01\/icone.svg\" class=\"attachment-full size-full wp-image-1148\" alt=\"\" \/><\/figure><div class=\"elementor-image-box-content\"><p class=\"elementor-image-box-description\"><b><span data-start=\"1254\" data-end=\"1272\">Vis\u00e3o ampliada<\/span>: <\/b>participa\u00e7\u00e3o em projetos diversos, conectando \u00e1reas e pessoas.<\/p><\/div><\/div>\t\t\t\t<\/div>\n\t\t\t\t<\/div>\n\t\t\t\t<\/div>\n\t\t\t\t<\/div>\n\t\t\t\t\t<\/div>\n\t\t\t\t<\/div>\n\t\t<div class=\"elementor-element elementor-element-4f4a491 e-flex e-con-boxed e-con e-parent\" data-id=\"4f4a491\" data-element_type=\"container\" data-settings=\"{&quot;background_background&quot;:&quot;classic&quot;,&quot;jet_parallax_layout_list&quot;:[]}\">\n\t\t\t\t\t<div class=\"e-con-inner\">\n\t\t\t\t<div class=\"elementor-element elementor-element-314a8f9 elementor-widget__width-initial elementor-widget-mobile__width-initial elementor-widget elementor-widget-image\" data-id=\"314a8f9\" data-element_type=\"widget\" data-widget_type=\"image.default\">\n\t\t\t\t\t\t\t\t\t\t\t\t\t\t\t<img decoding=\"async\" src=\"https:\/\/alagev.org\/wp-content\/uploads\/2025\/01\/Asset-19.svg\" title=\"Asset 19\" alt=\"Canais\" loading=\"lazy\" \/>\t\t\t\t\t\t\t\t\t\t\t\t\t\t\t<\/div>\n\t\t<div class=\"elementor-element elementor-element-66a2618 e-con-full e-flex e-con e-child\" data-id=\"66a2618\" data-element_type=\"container\" data-settings=\"{&quot;jet_parallax_layout_list&quot;:[]}\">\n\t\t\t\t<div class=\"elementor-element elementor-element-655c4e5 elementor-widget elementor-widget-heading\" data-id=\"655c4e5\" data-element_type=\"widget\" data-widget_type=\"heading.default\">\n\t\t\t\t\t<h1 class=\"elementor-heading-title elementor-size-default\">Canais<\/h1>\t\t\t\t<\/div>\n\t\t\t\t<div class=\"elementor-element elementor-element-0ae63a1 elementor-widget__width-initial elementor-invisible elementor-widget elementor-widget-text-editor\" data-id=\"0ae63a1\" data-element_type=\"widget\" data-settings=\"{&quot;_animation&quot;:&quot;fadeIn&quot;}\" data-widget_type=\"text-editor.default\">\n\t\t\t\t\t\t\t\t\t<h2 data-start=\"1424\" data-end=\"1465\">Como \u00e9 o nosso ambiente de trabalho<\/h2><ul data-start=\"1467\" data-end=\"1751\"><li data-start=\"1467\" data-end=\"1527\">Din\u00e2mico, com muitos projetos acontecendo ao mesmo tempo<\/li><li data-start=\"1528\" data-end=\"1589\">Colaborativo, com di\u00e1logo aberto e respeito \u00e0s diferen\u00e7as<\/li><li data-start=\"1590\" data-end=\"1632\">Organizado, mas longe de ser engessado<\/li><li data-start=\"1633\" data-end=\"1684\">Com autonomia, responsabilidade e senso de dono<\/li><li data-start=\"1685\" data-end=\"1751\">Com pessoas que gostam de resolver, construir e evoluir juntas<\/li><\/ul><p><strong>Aqui, a gente valoriza quem n\u00e3o espera tudo pronto e gosta de fazer parte do processo.<\/strong><\/p>\t\t\t\t\t\t\t\t<\/div>\n\t\t\t\t<\/div>\n\t\t\t\t\t<\/div>\n\t\t\t\t<\/div>\n\t\t<div class=\"elementor-element elementor-element-203a3d8 e-flex e-con-boxed e-con e-parent\" data-id=\"203a3d8\" data-element_type=\"container\" data-settings=\"{&quot;jet_parallax_layout_list&quot;:[],&quot;background_background&quot;:&quot;classic&quot;}\">\n\t\t\t\t\t<div class=\"e-con-inner\">\n\t\t\t\t<div class=\"elementor-element elementor-element-fd44174 elementor-widget__width-initial elementor-widget elementor-widget-heading\" data-id=\"fd44174\" data-element_type=\"widget\" data-widget_type=\"heading.default\">\n\t\t\t\t\t<h2 class=\"elementor-heading-title elementor-size-default\">Confira nossas vagas:<\/h2>\t\t\t\t<\/div>\n\t\t\t\t\t<\/div>\n\t\t\t\t<\/div>\n\t\t<div class=\"elementor-element elementor-element-adaddeb e-grid e-con-boxed e-con e-parent\" data-id=\"adaddeb\" data-element_type=\"container\" data-settings=\"{&quot;background_background&quot;:&quot;classic&quot;,&quot;jet_parallax_layout_list&quot;:[]}\">\n\t\t\t\t\t<div class=\"e-con-inner\">\n\t\t<div class=\"elementor-element elementor-element-3df89fa e-con-full e-flex e-con e-child\" data-id=\"3df89fa\" data-element_type=\"container\" data-settings=\"{&quot;background_background&quot;:&quot;classic&quot;,&quot;jet_parallax_layout_list&quot;:[]}\">\n\t\t\t\t<div class=\"elementor-element elementor-element-94996b9 elementor-widget elementor-widget-heading\" data-id=\"94996b9\" data-element_type=\"widget\" data-widget_type=\"heading.default\">\n\t\t\t\t\t<h2 class=\"elementor-heading-title elementor-size-default\">Coordenador(a) Educacional<\/h2>\t\t\t\t<\/div>\n\t\t\t\t<div class=\"elementor-element elementor-element-dfca23c elementor-widget elementor-widget-text-editor\" data-id=\"dfca23c\" data-element_type=\"widget\" data-widget_type=\"text-editor.default\">\n\t\t\t\t\t\t\t\t\t<p data-start=\"275\" data-end=\"410\">Estamos em busca de um(a) <strong data-start=\"311\" data-end=\"341\">Coordenador(a) Educacional<\/strong> para atuar na <strong data-start=\"356\" data-end=\"372\">ALAGEV Educa<\/strong>, nosso bra\u00e7o de educa\u00e7\u00e3o corporativa.<\/p><p data-start=\"412\" data-end=\"632\">Procuramos algu\u00e9m com olhar de <strong data-start=\"443\" data-end=\"468\">designer instrucional<\/strong>, capaz de transformar conhecimento em <strong data-start=\"507\" data-end=\"574\">experi\u00eancias de aprendizagem pr\u00e1ticas, engajadoras e aplic\u00e1veis<\/strong>, coordenando programas, trilhas e conte\u00fados educacionais.<\/p>\t\t\t\t\t\t\t\t<\/div>\n\t\t\t\t<div class=\"elementor-element elementor-element-b723aef hand-pink-cursor elementor-align-center elementor-widget__width-initial elementor-mobile-align-center elementor-widget elementor-widget-button\" data-id=\"b723aef\" data-element_type=\"widget\" data-widget_type=\"button.default\">\n\t\t\t\t\t\t\t\t\t\t<a class=\"elementor-button elementor-button-link elementor-size-sm elementor-animation-grow\" href=\"https:\/\/app.pipefy.com\/organizations\/301285781\/interfaces\/cf07d9c4-1f30-49c1-8382-985b31a14cdf\" target=\"_blank\" rel=\"noopener\">\n\t\t\t\t\t\t<span class=\"elementor-button-content-wrapper\">\n\t\t\t\t\t\t\t\t\t<span class=\"elementor-button-text\">Conhe\u00e7a mais e candidate-se<\/span>\n\t\t\t\t\t<\/span>\n\t\t\t\t\t<\/a>\n\t\t\t\t\t\t\t\t<\/div>\n\t\t\t\t<\/div>\n\t\t<div class=\"elementor-element elementor-element-b0f2404 e-con-full e-flex e-con e-child\" data-id=\"b0f2404\" data-element_type=\"container\" data-settings=\"{&quot;background_background&quot;:&quot;classic&quot;,&quot;jet_parallax_layout_list&quot;:[]}\">\n\t\t\t\t<div class=\"elementor-element elementor-element-bfe1176 elementor-widget elementor-widget-heading\" data-id=\"bfe1176\" data-element_type=\"widget\" data-widget_type=\"heading.default\">\n\t\t\t\t\t<h2 class=\"elementor-heading-title elementor-size-default\">Assistente Administrativo<\/h2>\t\t\t\t<\/div>\n\t\t\t\t<div class=\"elementor-element elementor-element-393eea6 elementor-widget elementor-widget-text-editor\" data-id=\"393eea6\" data-element_type=\"widget\" data-widget_type=\"text-editor.default\">\n\t\t\t\t\t\t\t\t\t<p>Procuramos uma pessoa <strong data-start=\"195\" data-end=\"230\">\u00e1gil, organizada e comprometida<\/strong>, que goste de atividades operacionais e rotinas administrativas, mas que tamb\u00e9m atue com <strong data-start=\"320\" data-end=\"348\">proatividade e autonomia<\/strong>. Algu\u00e9m com <strong data-start=\"361\" data-end=\"383\">esp\u00edrito de equipe<\/strong>, boa comunica\u00e7\u00e3o e capacidade de se conectar com diferentes \u00e1reas, antecipando demandas e contribuindo para que os processos funcionem de forma eficiente no dia a dia da Associa\u00e7\u00e3o.<\/p>\t\t\t\t\t\t\t\t<\/div>\n\t\t\t\t<div class=\"elementor-element elementor-element-03a8190 hand-pink-cursor elementor-align-center elementor-widget__width-initial elementor-mobile-align-center elementor-widget elementor-widget-button\" data-id=\"03a8190\" data-element_type=\"widget\" data-widget_type=\"button.default\">\n\t\t\t\t\t\t\t\t\t\t<a class=\"elementor-button elementor-button-link elementor-size-sm elementor-animation-grow\" href=\"https:\/\/app.pipefy.com\/organizations\/301285781\/interfaces\/9ed50268-0258-49c7-92e1-2f4c1de7948d\" target=\"_blank\" rel=\"noopener\">\n\t\t\t\t\t\t<span class=\"elementor-button-content-wrapper\">\n\t\t\t\t\t\t\t\t\t<span class=\"elementor-button-text\">Conhe\u00e7a mais e candidate-se<\/span>\n\t\t\t\t\t<\/span>\n\t\t\t\t\t<\/a>\n\t\t\t\t\t\t\t\t<\/div>\n\t\t\t\t<\/div>\n\t\t\t\t\t<\/div>\n\t\t\t\t<\/div>\n\t\t<div class=\"elementor-element elementor-element-68e2772 e-flex e-con-boxed e-con e-parent\" data-id=\"68e2772\" data-element_type=\"container\" data-settings=\"{&quot;background_background&quot;:&quot;classic&quot;,&quot;jet_parallax_layout_list&quot;:[]}\">\n\t\t\t\t\t<div class=\"e-con-inner\">\n\t\t\t\t<div class=\"elementor-element elementor-element-5effa64 elementor-widget__width-initial elementor-widget elementor-widget-text-editor\" data-id=\"5effa64\" data-element_type=\"widget\" data-widget_type=\"text-editor.default\">\n\t\t\t\t\t\t\t\t\t<p data-start=\"233\" data-end=\"484\">N\u00e3o encontrou uma vaga para voc\u00ea?<\/p>\t\t\t\t\t\t\t\t<\/div>\n\t\t\t\t<div class=\"elementor-element elementor-element-647dca6 hand-pink-cursor elementor-align-left elementor-widget__width-initial elementor-mobile-align-center elementor-widget elementor-widget-button\" data-id=\"647dca6\" data-element_type=\"widget\" data-widget_type=\"button.default\">\n\t\t\t\t\t\t\t\t\t\t<a class=\"elementor-button elementor-button-link elementor-size-sm elementor-animation-grow\" href=\"https:\/\/app.pipefy.com\/public\/form\/8wJqy85B\" target=\"_blank\" rel=\"noopener\">\n\t\t\t\t\t\t<span class=\"elementor-button-content-wrapper\">\n\t\t\t\t\t\t\t\t\t<span class=\"elementor-button-text\">Cadastre-se em nosso banco de curriculos<\/span>\n\t\t\t\t\t<\/span>\n\t\t\t\t\t<\/a>\n\t\t\t\t\t\t\t\t<\/div>\n\t\t\t\t<div class=\"elementor-element elementor-element-84f07cf elementor-widget elementor-widget-spacer\" data-id=\"84f07cf\" data-element_type=\"widget\" data-widget_type=\"spacer.default\">\n\t\t\t\t\t\t\t<div class=\"elementor-spacer\">\n\t\t\t<div class=\"elementor-spacer-inner\"><\/div>\n\t\t<\/div>\n\t\t\t\t\t\t<\/div>\n\t\t\t\t\t<\/div>\n\t\t\t\t<\/div>\n\t\t\t\t<\/div>","protected":false},"excerpt":{"rendered":"<p>TRABALHE NA ALAGEV Aqui trabalho tem prop\u00f3sito, aprendizado e impacto de verdade Somos uma associa\u00e7\u00e3o que conecta pessoas, ideias e empresas para desenvolver o mercado de viagens, eventos e mobilidade corporativa \u2014 e fazemos isso juntos, todos os dias. Se voc\u00ea gosta de ambientes din\u00e2micos, colaborativos e cheios de desafios, talvez este seja o seu [&hellip;]<\/p>","protected":false},"author":4,"featured_media":0,"parent":0,"menu_order":0,"comment_status":"closed","ping_status":"closed","template":"","meta":{"footnotes":""},"class_list":["post-7745","page","type-page","status-publish","hentry"],"_links":{"self":[{"href":"https:\/\/alagev.org\/en\/wp-json\/wp\/v2\/pages\/7745","targetHints":{"allow":["GET"]}}],"collection":[{"href":"https:\/\/alagev.org\/en\/wp-json\/wp\/v2\/pages"}],"about":[{"href":"https:\/\/alagev.org\/en\/wp-json\/wp\/v2\/types\/page"}],"author":[{"embeddable":true,"href":"https:\/\/alagev.org\/en\/wp-json\/wp\/v2\/users\/4"}],"replies":[{"embeddable":true,"href":"https:\/\/alagev.org\/en\/wp-json\/wp\/v2\/comments?post=7745"}],"version-history":[{"count":27,"href":"https:\/\/alagev.org\/en\/wp-json\/wp\/v2\/pages\/7745\/revisions"}],"predecessor-version":[{"id":7776,"href":"https:\/\/alagev.org\/en\/wp-json\/wp\/v2\/pages\/7745\/revisions\/7776"}],"wp:attachment":[{"href":"https:\/\/alagev.org\/en\/wp-json\/wp\/v2\/media?parent=7745"}],"curies":[{"name":"wp","href":"https:\/\/api.w.org\/{rel}","templated":true}]}}