{"id":7169,"date":"2025-07-17T16:21:40","date_gmt":"2025-07-17T19:21:40","guid":{"rendered":"https:\/\/alagev.org\/?page_id=7169"},"modified":"2025-08-18T08:18:42","modified_gmt":"2025-08-18T11:18:42","slug":"abav-2025","status":"publish","type":"page","link":"https:\/\/alagev.org\/en\/abav-2025\/","title":{"rendered":"ABAV 2025"},"content":{"rendered":"<div data-elementor-type=\"wp-page\" data-elementor-id=\"7169\" class=\"elementor elementor-7169\" data-elementor-post-type=\"page\">\n\t\t\t\t<div class=\"elementor-element elementor-element-ee7a5d2 e-flex e-con-boxed e-con e-parent\" data-id=\"ee7a5d2\" data-element_type=\"container\" data-e-type=\"container\" data-settings=\"{&quot;jet_parallax_layout_list&quot;:[]}\">\n\t\t\t\t\t<div class=\"e-con-inner\">\n\t\t\t\t<div class=\"elementor-element elementor-element-16291fd elementor-widget elementor-widget-image\" data-id=\"16291fd\" data-element_type=\"widget\" data-e-type=\"widget\" data-widget_type=\"image.default\">\n\t\t\t\t\t\t\t\t\t\t\t\t\t\t\t<img fetchpriority=\"high\" decoding=\"async\" width=\"800\" height=\"255\" src=\"https:\/\/alagev.org\/wp-content\/uploads\/2025\/07\/banner-mice-desk-2400-x-762-px-1024x326.png\" class=\"attachment-large size-large wp-image-7170\" alt=\"\" srcset=\"https:\/\/alagev.org\/wp-content\/uploads\/2025\/07\/banner-mice-desk-2400-x-762-px-1024x326.png 1024w, https:\/\/alagev.org\/wp-content\/uploads\/2025\/07\/banner-mice-desk-2400-x-762-px-300x96.png 300w, https:\/\/alagev.org\/wp-content\/uploads\/2025\/07\/banner-mice-desk-2400-x-762-px-768x245.png 768w, https:\/\/alagev.org\/wp-content\/uploads\/2025\/07\/banner-mice-desk-2400-x-762-px-1536x489.png 1536w, https:\/\/alagev.org\/wp-content\/uploads\/2025\/07\/banner-mice-desk-2400-x-762-px-2048x652.png 2048w, https:\/\/alagev.org\/wp-content\/uploads\/2025\/07\/banner-mice-desk-2400-x-762-px-18x6.png 18w\" sizes=\"(max-width: 800px) 100vw, 800px\" \/>\t\t\t\t\t\t\t\t\t\t\t\t\t\t\t<\/div>\n\t\t\t\t\t<\/div>\n\t\t\t\t<\/div>\n\t\t<div class=\"elementor-element elementor-element-ac05a8c e-con-full e-flex e-con e-parent\" data-id=\"ac05a8c\" data-element_type=\"container\" data-e-type=\"container\" data-settings=\"{&quot;jet_parallax_layout_list&quot;:[]}\">\n\t\t\t\t<div class=\"elementor-element elementor-element-d13c37e destaque-rosa elementor-widget__width-initial elementor-invisible elementor-widget elementor-widget-heading\" data-id=\"d13c37e\" data-element_type=\"widget\" data-e-type=\"widget\" data-settings=\"{&quot;_animation&quot;:&quot;fadeInRight&quot;}\" data-widget_type=\"heading.default\">\n\t\t\t\t\t<h2 class=\"elementor-heading-title elementor-size-default\"><span> Programa Hosted Buyer ABAV 2025<\/span> \npara a maior feira de turismo da Am\u00e9rica Latina.<\/h2>\t\t\t\t<\/div>\n\t\t\t\t<\/div>\n\t\t<div class=\"elementor-element elementor-element-1428f0b e-flex e-con-boxed e-con e-parent\" data-id=\"1428f0b\" data-element_type=\"container\" data-e-type=\"container\" data-settings=\"{&quot;jet_parallax_layout_list&quot;:[]}\">\n\t\t\t\t\t<div class=\"e-con-inner\">\n\t\t\t\t<div class=\"elementor-element elementor-element-a05fa79 elementor-widget elementor-widget-text-editor\" data-id=\"a05fa79\" data-element_type=\"widget\" data-e-type=\"widget\" data-widget_type=\"text-editor.default\">\n\t\t\t\t\t\t\t\t\t<p>A ABAV Expo Internacional de Turismo \u00e9 a maior e mais relevante feira de Turismo da Am\u00e9rica Latina. Reconhecida como o principal ponto de encontro do trade tur\u00edstico no Brasil, consolida-se como a melhor oportunidade para gera\u00e7\u00e3o de neg\u00f3cios, networking qualificado e atualiza\u00e7\u00e3o profissional.<\/p><p>Reunindo uma ampla diversidade de produtos, servi\u00e7os e destinos o evento tem como estrat\u00e9gia central fortalecer conex\u00f5es entre compradores e fornecedores, incentivar parcerias comerciais e promover a troca de conhecimento entre os diversos agentes do setor.<\/p><p>A edi\u00e7\u00e3o de 2025 ser\u00e1 realizada de 08 a 10 de outubro, no RioCentro, Rio de Janeiro.<\/p><p>Como parte da programa\u00e7\u00e3o, o tradicional ABAV Buyers Club reunir\u00e1 compradores nacionais e internacionais para rodadas de neg\u00f3cios com expositores da feira. Nesta edi\u00e7\u00e3o, apresentamos o lan\u00e7amento do Lounge Corporativo &amp; Mice, desenvolvido para ampliar conex\u00f5es estrat\u00e9gicas e gerar oportunidades qualificadas de neg\u00f3cios.<\/p><p>A programa\u00e7\u00e3o contempla dois dias dedicados a neg\u00f3cios, com uma agenda estruturada para encontros assertivos, e um dia livre para relacionamento e ativa\u00e7\u00f5es especiais junto aos parceiros.<\/p>\t\t\t\t\t\t\t\t<\/div>\n\t\t\t\t\t<\/div>\n\t\t\t\t<\/div>\n\t\t<div class=\"elementor-element elementor-element-9185327 e-flex e-con-boxed e-con e-parent\" data-id=\"9185327\" data-element_type=\"container\" data-e-type=\"container\" data-settings=\"{&quot;jet_parallax_layout_list&quot;:[]}\">\n\t\t\t\t\t<div class=\"e-con-inner\">\n\t\t\t\t<div class=\"elementor-element elementor-element-5be4c1f destaque-rosa elementor-widget__width-initial elementor-invisible elementor-widget elementor-widget-heading\" data-id=\"5be4c1f\" data-element_type=\"widget\" data-e-type=\"widget\" data-settings=\"{&quot;_animation&quot;:&quot;fadeInRight&quot;}\" data-widget_type=\"heading.default\">\n\t\t\t\t\t<h2 class=\"elementor-heading-title elementor-size-default\"><span>HOSTED BUYER para 52\u00aa edi\u00e7\u00e3o ABAV 2025<\/span> \nPreencha o formul\u00e1rio abaixo para manifestar seu interesse em participar do Programa.\nExclusivo para gestores associados ALAGEV. N\u00e3o perca essa oportunidade de se conectar com os principais players do setor MICE da Am\u00e9rica Latina e impulsionar suas oportunidades de neg\u00f3cios!<br><br>Em caso de d\u00favidas, me procure: Marcos Camurri 11 97666 0706<br><br>*** Inscri\u00e7\u00f5es Encerradas ***<\/h2>\t\t\t\t<\/div>\n\t\t\t\t\t<\/div>\n\t\t\t\t<\/div>\n\t\t<div class=\"elementor-element elementor-element-5a06f43 e-flex e-con-boxed e-con e-parent\" data-id=\"5a06f43\" data-element_type=\"container\" data-e-type=\"container\" data-settings=\"{&quot;jet_parallax_layout_list&quot;:[]}\">\n\t\t\t\t\t<div class=\"e-con-inner\">\n\t\t\t\t<div class=\"elementor-element elementor-element-357655b elementor-widget elementor-widget-html\" data-id=\"357655b\" data-element_type=\"widget\" data-e-type=\"widget\" data-widget_type=\"html.default\">\n\t\t\t\t\t<iframe width='560' height='580' src='https:\/\/app.pipefy.com\/public\/form\/vZRqmfWe?embedded=true' frameborder='0'><\/iframe>\t\t\t\t<\/div>\n\t\t\t\t\t<\/div>\n\t\t\t\t<\/div>\n\t\t\t\t<\/div>","protected":false},"excerpt":{"rendered":"<p>Programa Hosted Buyer ABAV 2025 para a maior feira de turismo da Am\u00e9rica Latina. A ABAV Expo Internacional de Turismo \u00e9 a maior e mais relevante feira de Turismo da Am\u00e9rica Latina. Reconhecida como o principal ponto de encontro do trade tur\u00edstico no Brasil, consolida-se como a melhor oportunidade para gera\u00e7\u00e3o de neg\u00f3cios, networking qualificado [&hellip;]<\/p>\n","protected":false},"author":4,"featured_media":0,"parent":0,"menu_order":0,"comment_status":"closed","ping_status":"closed","template":"","meta":{"footnotes":""},"class_list":["post-7169","page","type-page","status-publish","hentry"],"_links":{"self":[{"href":"https:\/\/alagev.org\/en\/wp-json\/wp\/v2\/pages\/7169","targetHints":{"allow":["GET"]}}],"collection":[{"href":"https:\/\/alagev.org\/en\/wp-json\/wp\/v2\/pages"}],"about":[{"href":"https:\/\/alagev.org\/en\/wp-json\/wp\/v2\/types\/page"}],"author":[{"embeddable":true,"href":"https:\/\/alagev.org\/en\/wp-json\/wp\/v2\/users\/4"}],"replies":[{"embeddable":true,"href":"https:\/\/alagev.org\/en\/wp-json\/wp\/v2\/comments?post=7169"}],"version-history":[{"count":18,"href":"https:\/\/alagev.org\/en\/wp-json\/wp\/v2\/pages\/7169\/revisions"}],"predecessor-version":[{"id":7403,"href":"https:\/\/alagev.org\/en\/wp-json\/wp\/v2\/pages\/7169\/revisions\/7403"}],"wp:attachment":[{"href":"https:\/\/alagev.org\/en\/wp-json\/wp\/v2\/media?parent=7169"}],"curies":[{"name":"wp","href":"https:\/\/api.w.org\/{rel}","templated":true}]}}