{"id":7133,"date":"2025-07-11T16:25:35","date_gmt":"2025-07-11T19:25:35","guid":{"rendered":"https:\/\/alagev.org\/?page_id=7133"},"modified":"2025-07-29T09:31:09","modified_gmt":"2025-07-29T12:31:09","slug":"eventos-em-off","status":"publish","type":"page","link":"https:\/\/alagev.org\/en\/eventos-em-off\/","title":{"rendered":"Eventos em OFF"},"content":{"rendered":"<div data-elementor-type=\"wp-page\" data-elementor-id=\"7133\" class=\"elementor elementor-7133\" data-elementor-post-type=\"page\">\n\t\t\t\t<div class=\"elementor-element elementor-element-d89623c e-flex e-con-boxed e-con e-parent\" data-id=\"d89623c\" data-element_type=\"container\" data-e-type=\"container\" data-settings=\"{&quot;jet_parallax_layout_list&quot;:[]}\">\n\t\t\t\t\t<div class=\"e-con-inner\">\n\t\t\t\t<div class=\"elementor-element elementor-element-61d23aa elementor-widget elementor-widget-image\" data-id=\"61d23aa\" data-element_type=\"widget\" data-e-type=\"widget\" data-widget_type=\"image.default\">\n\t\t\t\t\t\t\t\t\t\t\t\t\t\t\t<img fetchpriority=\"high\" decoding=\"async\" width=\"800\" height=\"254\" src=\"https:\/\/alagev.org\/wp-content\/uploads\/2025\/07\/Eventos-em-OFF-Banner-para-site-1024x325.png\" class=\"attachment-large size-large wp-image-7151\" alt=\"\" srcset=\"https:\/\/alagev.org\/wp-content\/uploads\/2025\/07\/Eventos-em-OFF-Banner-para-site-1024x325.png 1024w, https:\/\/alagev.org\/wp-content\/uploads\/2025\/07\/Eventos-em-OFF-Banner-para-site-300x95.png 300w, https:\/\/alagev.org\/wp-content\/uploads\/2025\/07\/Eventos-em-OFF-Banner-para-site-768x244.png 768w, https:\/\/alagev.org\/wp-content\/uploads\/2025\/07\/Eventos-em-OFF-Banner-para-site-1536x488.png 1536w, https:\/\/alagev.org\/wp-content\/uploads\/2025\/07\/Eventos-em-OFF-Banner-para-site-2048x650.png 2048w, https:\/\/alagev.org\/wp-content\/uploads\/2025\/07\/Eventos-em-OFF-Banner-para-site-18x6.png 18w\" sizes=\"(max-width: 800px) 100vw, 800px\" \/>\t\t\t\t\t\t\t\t\t\t\t\t\t\t\t<\/div>\n\t\t\t\t\t<\/div>\n\t\t\t\t<\/div>\n\t\t<div class=\"elementor-element elementor-element-2919bfa e-flex e-con-boxed e-con e-parent\" data-id=\"2919bfa\" data-element_type=\"container\" data-e-type=\"container\" data-settings=\"{&quot;jet_parallax_layout_list&quot;:[]}\">\n\t\t\t\t\t<div class=\"e-con-inner\">\n\t\t\t\t<div class=\"elementor-element elementor-element-c4e12d2 destaque-rosa elementor-widget__width-initial elementor-invisible elementor-widget elementor-widget-heading\" data-id=\"c4e12d2\" data-element_type=\"widget\" data-e-type=\"widget\" data-settings=\"{&quot;_animation&quot;:&quot;fadeInRight&quot;}\" data-widget_type=\"heading.default\">\n\t\t\t\t\t<h2 class=\"elementor-heading-title elementor-size-default\"><span>EVENTOS EM OFF<\/span> \nPara que os campos apare\u00e7am de forma correta, por favor, selecione o \"Nome do Evento no qual voc\u00ea quer participar\" e siga com os preenchimentos necess\u00e1rios.<br><br>*** INSCRI\u00c7\u00d5ES ENCERRADAS ***<\/h2>\t\t\t\t<\/div>\n\t\t\t\t\t<\/div>\n\t\t\t\t<\/div>\n\t\t<div class=\"elementor-element elementor-element-4c28503 e-flex e-con-boxed e-con e-parent\" data-id=\"4c28503\" data-element_type=\"container\" data-e-type=\"container\" data-settings=\"{&quot;jet_parallax_layout_list&quot;:[]}\">\n\t\t\t\t\t<div class=\"e-con-inner\">\n\t\t\t\t<div class=\"elementor-element elementor-element-041b2c0 elementor-widget elementor-widget-html\" data-id=\"041b2c0\" data-element_type=\"widget\" data-e-type=\"widget\" data-widget_type=\"html.default\">\n\t\t\t\t\t<iframe width='560' height='580' src='https:\/\/app.pipefy.com\/public\/form\/vZRqmfWe?embedded=true' frameborder='0'><\/iframe>\t\t\t\t<\/div>\n\t\t\t\t\t<\/div>\n\t\t\t\t<\/div>\n\t\t\t\t<\/div>","protected":false},"excerpt":{"rendered":"<p>EVENTOS EM OFF Para que os campos apare\u00e7am de forma correta, por favor, selecione o &#8220;Nome do Evento no qual voc\u00ea quer participar&#8221; e siga com os preenchimentos necess\u00e1rios. *** INSCRI\u00c7\u00d5ES ENCERRADAS ***<\/p>","protected":false},"author":4,"featured_media":0,"parent":0,"menu_order":0,"comment_status":"closed","ping_status":"closed","template":"","meta":{"footnotes":""},"class_list":["post-7133","page","type-page","status-publish","hentry"],"_links":{"self":[{"href":"https:\/\/alagev.org\/en\/wp-json\/wp\/v2\/pages\/7133","targetHints":{"allow":["GET"]}}],"collection":[{"href":"https:\/\/alagev.org\/en\/wp-json\/wp\/v2\/pages"}],"about":[{"href":"https:\/\/alagev.org\/en\/wp-json\/wp\/v2\/types\/page"}],"author":[{"embeddable":true,"href":"https:\/\/alagev.org\/en\/wp-json\/wp\/v2\/users\/4"}],"replies":[{"embeddable":true,"href":"https:\/\/alagev.org\/en\/wp-json\/wp\/v2\/comments?post=7133"}],"version-history":[{"count":21,"href":"https:\/\/alagev.org\/en\/wp-json\/wp\/v2\/pages\/7133\/revisions"}],"predecessor-version":[{"id":7260,"href":"https:\/\/alagev.org\/en\/wp-json\/wp\/v2\/pages\/7133\/revisions\/7260"}],"wp:attachment":[{"href":"https:\/\/alagev.org\/en\/wp-json\/wp\/v2\/media?parent=7133"}],"curies":[{"name":"wp","href":"https:\/\/api.w.org\/{rel}","templated":true}]}}