{"id":5545,"date":"2025-04-17T09:34:25","date_gmt":"2025-04-17T12:34:25","guid":{"rendered":"https:\/\/alagev.org\/?page_id=5545"},"modified":"2025-11-28T14:50:20","modified_gmt":"2025-11-28T17:50:20","slug":"altitude-2025","status":"publish","type":"page","link":"https:\/\/alagev.org\/en\/altitude-2025\/","title":{"rendered":"Altitude 2025"},"content":{"rendered":"<div data-elementor-type=\"wp-page\" data-elementor-id=\"5545\" class=\"elementor elementor-5545\" data-elementor-post-type=\"page\">\n\t\t\t\t<div class=\"elementor-element elementor-element-34bcdfe e-flex e-con-boxed e-con e-parent\" data-id=\"34bcdfe\" data-element_type=\"container\" data-settings=\"{&quot;background_background&quot;:&quot;classic&quot;,&quot;background_motion_fx_motion_fx_scrolling&quot;:&quot;yes&quot;,&quot;jet_parallax_layout_list&quot;:[],&quot;background_motion_fx_devices&quot;:[&quot;desktop&quot;,&quot;tablet&quot;,&quot;mobile&quot;]}\">\n\t\t\t\t\t<div class=\"e-con-inner\">\n\t\t\t\t<div class=\"elementor-element elementor-element-d9481df elementor-widget elementor-widget-image\" data-id=\"d9481df\" data-element_type=\"widget\" data-widget_type=\"image.default\">\n\t\t\t\t\t\t\t\t\t\t\t\t\t\t\t<img fetchpriority=\"high\" decoding=\"async\" width=\"800\" height=\"348\" src=\"https:\/\/alagev.org\/wp-content\/uploads\/2025\/04\/LOGO-1024x445.png\" class=\"attachment-large size-large wp-image-5548\" alt=\"\" srcset=\"https:\/\/alagev.org\/wp-content\/uploads\/2025\/04\/LOGO-1024x445.png 1024w, https:\/\/alagev.org\/wp-content\/uploads\/2025\/04\/LOGO-300x130.png 300w, https:\/\/alagev.org\/wp-content\/uploads\/2025\/04\/LOGO-768x334.png 768w, https:\/\/alagev.org\/wp-content\/uploads\/2025\/04\/LOGO-1536x668.png 1536w, https:\/\/alagev.org\/wp-content\/uploads\/2025\/04\/LOGO-18x8.png 18w, https:\/\/alagev.org\/wp-content\/uploads\/2025\/04\/LOGO.png 1920w\" sizes=\"(max-width: 800px) 100vw, 800px\" \/>\t\t\t\t\t\t\t\t\t\t\t\t\t\t\t<\/div>\n\t\t<div class=\"elementor-element elementor-element-79f9276 e-con-full e-flex e-con e-child\" data-id=\"79f9276\" data-element_type=\"container\" data-settings=\"{&quot;jet_parallax_layout_list&quot;:[]}\">\n\t\t\t\t<div class=\"elementor-element elementor-element-0222ee9 elementor-align-center hand-pink-cursor elementor-widget elementor-widget-button\" data-id=\"0222ee9\" data-element_type=\"widget\" data-widget_type=\"button.default\">\n\t\t\t\t\t\t\t\t\t\t<a class=\"elementor-button elementor-button-link elementor-size-sm elementor-animation-grow\" href=\"#inscricao\">\n\t\t\t\t\t\t<span class=\"elementor-button-content-wrapper\">\n\t\t\t\t\t\t\t\t\t<span class=\"elementor-button-text\">Quero participar da jornada<\/span>\n\t\t\t\t\t<\/span>\n\t\t\t\t\t<\/a>\n\t\t\t\t\t\t\t\t<\/div>\n\t\t\t\t<\/div>\n\t\t\t\t\t<\/div>\n\t\t\t\t<\/div>\n\t\t<div class=\"elementor-element elementor-element-d07c051 e-flex e-con-boxed e-con e-parent\" data-id=\"d07c051\" data-element_type=\"container\" data-settings=\"{&quot;background_background&quot;:&quot;classic&quot;,&quot;jet_parallax_layout_list&quot;:[]}\">\n\t\t\t\t\t<div class=\"e-con-inner\">\n\t\t\t\t<div class=\"elementor-element elementor-element-7c2c570 elementor-hidden-mobile elementor-invisible elementor-widget elementor-widget-image\" data-id=\"7c2c570\" data-element_type=\"widget\" data-settings=\"{&quot;motion_fx_motion_fx_scrolling&quot;:&quot;yes&quot;,&quot;motion_fx_rotateZ_effect&quot;:&quot;yes&quot;,&quot;motion_fx_rotateZ_direction&quot;:&quot;negative&quot;,&quot;_animation&quot;:&quot;rotateIn&quot;,&quot;motion_fx_rotateZ_speed&quot;:{&quot;unit&quot;:&quot;px&quot;,&quot;size&quot;:1,&quot;sizes&quot;:[]},&quot;motion_fx_rotateZ_affectedRange&quot;:{&quot;unit&quot;:&quot;%&quot;,&quot;size&quot;:&quot;&quot;,&quot;sizes&quot;:{&quot;start&quot;:0,&quot;end&quot;:100}},&quot;motion_fx_devices&quot;:[&quot;desktop&quot;,&quot;tablet&quot;,&quot;mobile&quot;]}\" data-widget_type=\"image.default\">\n\t\t\t\t\t\t\t\t\t\t\t\t\t\t\t<img decoding=\"async\" src=\"https:\/\/alagev.org\/wp-content\/uploads\/2025\/01\/Asset-13.svg\" title=\"Asset 13\" alt=\"Asset 13\" loading=\"lazy\" \/>\t\t\t\t\t\t\t\t\t\t\t\t\t\t\t<\/div>\n\t\t\t\t<div class=\"elementor-element elementor-element-2acea26 destaque-rosa elementor-widget__width-initial elementor-invisible elementor-widget elementor-widget-heading\" data-id=\"2acea26\" data-element_type=\"widget\" data-settings=\"{&quot;_animation&quot;:&quot;fadeInRight&quot;}\" data-widget_type=\"heading.default\">\n\t\t\t\t\t<h2 class=\"elementor-heading-title elementor-size-default\"><span>O ALTITUDE 2025<\/span> \n\u00e9 a jornada estrat\u00e9gica das comunidades da ALAGEV ao longo do ano, inspirada na escalada do Everest. Nosso objetivo \u00e9 construir juntos solu\u00e7\u00f5es inovadoras para os desafios reais do setor de eventos e viagens corporativas.\n<br>Acreditamos que o futuro n\u00e3o \u00e9 um lugar que se alcan\u00e7a por acaso \u2014 ele \u00e9 constru\u00eddo passo a passo, no presente. E cada passo dessa escalada \u00e9 uma oportunidade de aprendizado, colabora\u00e7\u00e3o e transforma\u00e7\u00e3o.\n<\/h2>\t\t\t\t<\/div>\n\t\t\t\t\t<\/div>\n\t\t\t\t<\/div>\n\t\t<div class=\"elementor-element elementor-element-ef233be e-flex e-con-boxed e-con e-parent\" data-id=\"ef233be\" data-element_type=\"container\" data-settings=\"{&quot;jet_parallax_layout_list&quot;:[]}\">\n\t\t\t\t\t<div class=\"e-con-inner\">\n\t\t\t\t<div class=\"elementor-element elementor-element-c0bd342 elementor-widget elementor-widget-video\" data-id=\"c0bd342\" data-element_type=\"widget\" data-settings=\"{&quot;youtube_url&quot;:&quot;https:\\\/\\\/youtu.be\\\/ZL_tdE3ixRQ&quot;,&quot;video_type&quot;:&quot;youtube&quot;,&quot;controls&quot;:&quot;yes&quot;}\" data-widget_type=\"video.default\">\n\t\t\t\t\t\t\t<div class=\"elementor-wrapper elementor-open-inline\">\n\t\t\t<div class=\"elementor-video\"><\/div>\t\t<\/div>\n\t\t\t\t\t\t<\/div>\n\t\t\t\t\t<\/div>\n\t\t\t\t<\/div>\n\t\t<div class=\"elementor-element elementor-element-e3f4b27 e-flex e-con-boxed e-con e-parent\" data-id=\"e3f4b27\" data-element_type=\"container\" data-settings=\"{&quot;background_background&quot;:&quot;classic&quot;,&quot;jet_parallax_layout_list&quot;:[]}\">\n\t\t\t\t\t<div class=\"e-con-inner\">\n\t\t<div class=\"elementor-element elementor-element-fa79a4a e-con-full e-flex e-con e-child\" data-id=\"fa79a4a\" data-element_type=\"container\" data-settings=\"{&quot;jet_parallax_layout_list&quot;:[]}\">\n\t\t\t\t<div class=\"elementor-element elementor-element-a1a4122 destaque-rosa elementor-widget__width-initial elementor-invisible elementor-widget elementor-widget-heading\" data-id=\"a1a4122\" data-element_type=\"widget\" data-settings=\"{&quot;_animation&quot;:&quot;fadeInRight&quot;}\" data-widget_type=\"heading.default\">\n\t\t\t\t\t<h2 class=\"elementor-heading-title elementor-size-default\"><span>A TRILHA DA ESCALADA<\/span> \n\u00e9 composta por 08 encontros, em 04 reuni\u00f5es setoriais e 04 globais<\/h2>\t\t\t\t<\/div>\n\t\t\t\t<\/div>\n\t\t\t\t<div class=\"elementor-element elementor-element-c2cf3c9 elementor-widget elementor-widget-image\" data-id=\"c2cf3c9\" data-element_type=\"widget\" data-widget_type=\"image.default\">\n\t\t\t\t\t\t\t\t\t\t\t\t\t\t\t<img decoding=\"async\" width=\"800\" height=\"240\" src=\"https:\/\/alagev.org\/wp-content\/uploads\/2025\/04\/KV-GLOBAIS-25-1-1024x307.png\" class=\"attachment-large size-large wp-image-5546\" alt=\"\" srcset=\"https:\/\/alagev.org\/wp-content\/uploads\/2025\/04\/KV-GLOBAIS-25-1-1024x307.png 1024w, https:\/\/alagev.org\/wp-content\/uploads\/2025\/04\/KV-GLOBAIS-25-1-300x90.png 300w, https:\/\/alagev.org\/wp-content\/uploads\/2025\/04\/KV-GLOBAIS-25-1-768x230.png 768w, https:\/\/alagev.org\/wp-content\/uploads\/2025\/04\/KV-GLOBAIS-25-1-1536x461.png 1536w, https:\/\/alagev.org\/wp-content\/uploads\/2025\/04\/KV-GLOBAIS-25-1-2048x614.png 2048w, https:\/\/alagev.org\/wp-content\/uploads\/2025\/04\/KV-GLOBAIS-25-1-18x5.png 18w\" sizes=\"(max-width: 800px) 100vw, 800px\" \/>\t\t\t\t\t\t\t\t\t\t\t\t\t\t\t<\/div>\n\t\t\t\t\t<\/div>\n\t\t\t\t<\/div>\n\t\t<div class=\"elementor-element elementor-element-9b3e731 e-flex e-con-boxed e-con e-parent\" data-id=\"9b3e731\" data-element_type=\"container\" data-settings=\"{&quot;background_background&quot;:&quot;classic&quot;,&quot;jet_parallax_layout_list&quot;:[]}\">\n\t\t\t\t\t<div class=\"e-con-inner\">\n\t\t<div class=\"elementor-element elementor-element-1a2cf71 e-con-full e-flex e-con e-child\" data-id=\"1a2cf71\" data-element_type=\"container\" data-settings=\"{&quot;jet_parallax_layout_list&quot;:[]}\">\n\t\t\t\t<div class=\"elementor-element elementor-element-656a99c destaque-rosa elementor-widget__width-initial elementor-invisible elementor-widget elementor-widget-heading\" data-id=\"656a99c\" data-element_type=\"widget\" data-settings=\"{&quot;_animation&quot;:&quot;fadeInRight&quot;}\" data-widget_type=\"heading.default\">\n\t\t\t\t\t<h2 class=\"elementor-heading-title elementor-size-default\"><span>CALEND\u00c1RIO<\/span> \nde reuni\u00f5es<\/h2>\t\t\t\t<\/div>\n\t\t<div class=\"elementor-element elementor-element-083594b e-grid e-con-full e-con e-child\" data-id=\"083594b\" data-element_type=\"container\" data-settings=\"{&quot;jet_parallax_layout_list&quot;:[]}\">\n\t\t\t\t<div class=\"elementor-element elementor-element-1fc28b4 elementor-widget elementor-widget-heading\" data-id=\"1fc28b4\" data-element_type=\"widget\" data-widget_type=\"heading.default\">\n\t\t\t\t\t<h2 class=\"elementor-heading-title elementor-size-default\">Reuni\u00f5es GLOBAIS das Comunidades<br><br>1\u00aa Global - 24\/03\/2025, representando o Marco 1 da escalada<br><br>2\u00aa Global - 05\/05\/2025, representando o Marco 3 da escalada<br><br>3\u00aa Global - 22\/09\/2025, representando o Marco 6 da escalada<br><br>4\u00aa Global - 10\/11\/2025, representando o Marco 8 da escalada<\/h2>\t\t\t\t<\/div>\n\t\t\t\t<div class=\"elementor-element elementor-element-5b3ca7a elementor-widget elementor-widget-heading\" data-id=\"5b3ca7a\" data-element_type=\"widget\" data-widget_type=\"heading.default\">\n\t\t\t\t\t<h2 class=\"elementor-heading-title elementor-size-default\">Reuni\u00f5es SETORIAIS das Comunidades<br><br>1\u00aa Setorial - M\u00eas de Maio, representando o Marco 2 da escalada<br><br>2\u00aa Setorial - M\u00eas de Junho, representando o Marco 4 da escalada<br><br>3\u00aa Setorial - M\u00eas de Agosto, representando o Marco 5 da escalada<br><br>4\u00aa Setorial - M\u00eas de Outubro, representando o Marco 7 da escalada<\/h2>\t\t\t\t<\/div>\n\t\t\t\t<\/div>\n\t\t\t\t<\/div>\n\t\t\t\t\t<\/div>\n\t\t\t\t<\/div>\n\t\t<div class=\"elementor-element elementor-element-08ba52f e-flex e-con-boxed e-con e-parent\" data-id=\"08ba52f\" data-element_type=\"container\" data-settings=\"{&quot;background_background&quot;:&quot;classic&quot;,&quot;jet_parallax_layout_list&quot;:[]}\">\n\t\t\t\t\t<div class=\"e-con-inner\">\n\t\t\t\t<div class=\"elementor-element elementor-element-4ce2be3 destaque-rosa elementor-widget__width-initial elementor-invisible elementor-widget elementor-widget-heading\" data-id=\"4ce2be3\" data-element_type=\"widget\" id=\"inscricao\" data-settings=\"{&quot;_animation&quot;:&quot;fadeInRight&quot;}\" data-widget_type=\"heading.default\">\n\t\t\t\t\t<h2 class=\"elementor-heading-title elementor-size-default\"><span>COMO<\/span> \nparticipar das reuni\u00f5es globais<\/h2>\t\t\t\t<\/div>\n\t\t\t\t<div class=\"elementor-element elementor-element-6afb67d elementor-widget elementor-widget-text-editor\" data-id=\"6afb67d\" data-element_type=\"widget\" data-widget_type=\"text-editor.default\">\n\t\t\t\t\t\t\t\t\t<p>Se voc\u00ea faz parte das comunidades da ALAGEV, j\u00e1 est\u00e1 convidado(a) para essa grande jornada!<\/p><p>\ud83d\udcdd Realize sua inscri\u00e7\u00e3o na aba Eventos, dentro da \u00e1rea do associado, para participar presencialmente ou online.<\/p><p>\ud83c\udf92 Prepare-se para escalar o amanh\u00e3 conosco!<\/p><p>Lembre-se: as vagas presenciais s\u00e3o limitadas e a inscri\u00e7\u00e3o \u00e9 obrigat\u00f3ria para participa\u00e7\u00e3o online ou presencial<\/p>\t\t\t\t\t\t\t\t<\/div>\n\t\t\t\t\t<\/div>\n\t\t\t\t<\/div>\n\t\t<div class=\"elementor-element elementor-element-a2a22a7 e-flex e-con-boxed e-con e-parent\" data-id=\"a2a22a7\" data-element_type=\"container\" data-settings=\"{&quot;jet_parallax_layout_list&quot;:[]}\">\n\t\t\t\t\t<div class=\"e-con-inner\">\n\t\t<div class=\"elementor-element elementor-element-7668332 e-con-full e-flex e-con e-child\" data-id=\"7668332\" data-element_type=\"container\" data-settings=\"{&quot;background_background&quot;:&quot;classic&quot;,&quot;jet_parallax_layout_list&quot;:[]}\">\n\t\t\t\t<div class=\"elementor-element elementor-element-117f7ed elementor-hidden-mobile elementor-invisible elementor-widget elementor-widget-image\" data-id=\"117f7ed\" data-element_type=\"widget\" data-settings=\"{&quot;motion_fx_motion_fx_scrolling&quot;:&quot;yes&quot;,&quot;motion_fx_rotateZ_effect&quot;:&quot;yes&quot;,&quot;motion_fx_rotateZ_direction&quot;:&quot;negative&quot;,&quot;_animation&quot;:&quot;rotateIn&quot;,&quot;motion_fx_rotateZ_speed&quot;:{&quot;unit&quot;:&quot;px&quot;,&quot;size&quot;:1,&quot;sizes&quot;:[]},&quot;motion_fx_rotateZ_affectedRange&quot;:{&quot;unit&quot;:&quot;%&quot;,&quot;size&quot;:&quot;&quot;,&quot;sizes&quot;:{&quot;start&quot;:0,&quot;end&quot;:100}},&quot;motion_fx_devices&quot;:[&quot;desktop&quot;,&quot;tablet&quot;,&quot;mobile&quot;]}\" data-widget_type=\"image.default\">\n\t\t\t\t\t\t\t\t\t\t\t\t\t\t\t<img decoding=\"async\" src=\"https:\/\/alagev.org\/wp-content\/uploads\/2025\/01\/Asset-13.svg\" title=\"Asset 13\" alt=\"Asset 13\" loading=\"lazy\" \/>\t\t\t\t\t\t\t\t\t\t\t\t\t\t\t<\/div>\n\t\t\t\t<div class=\"elementor-element elementor-element-4a29285 destaque-rosa elementor-widget__width-initial elementor-invisible elementor-widget elementor-widget-heading\" data-id=\"4a29285\" data-element_type=\"widget\" data-settings=\"{&quot;_animation&quot;:&quot;fadeInRight&quot;}\" data-widget_type=\"heading.default\">\n\t\t\t\t\t<h2 class=\"elementor-heading-title elementor-size-default\"><span>AINDA<\/span> \nN\u00c3O \u00c9 UM ASSOCIADO ALAGEV? Clique no bot\u00e3o ao lado e associe-se agora mesmo<\/h2>\t\t\t\t<\/div>\n\t\t\t\t<div class=\"elementor-element elementor-element-8eb679f elementor-mobile-align-center elementor-widget elementor-widget-button\" data-id=\"8eb679f\" data-element_type=\"widget\" data-widget_type=\"button.default\">\n\t\t\t\t\t\t\t\t\t\t<a class=\"elementor-button elementor-button-link elementor-size-sm elementor-animation-grow\" href=\"https:\/\/alagev.org\/en\/associe-se\/\">\n\t\t\t\t\t\t<span class=\"elementor-button-content-wrapper\">\n\t\t\t\t\t\t<span class=\"elementor-button-icon\">\n\t\t\t\t<svg aria-hidden=\"true\" class=\"e-font-icon-svg e-fas-arrow-right\" viewbox=\"0 0 448 512\" xmlns=\"http:\/\/www.w3.org\/2000\/svg\"><path d=\"M190.5 66.9l22.2-22.2c9.4-9.4 24.6-9.4 33.9 0L441 239c9.4 9.4 9.4 24.6 0 33.9L246.6 467.3c-9.4 9.4-24.6 9.4-33.9 0l-22.2-22.2c-9.5-9.5-9.3-25 .4-34.3L311.4 296H24c-13.3 0-24-10.7-24-24v-32c0-13.3 10.7-24 24-24h287.4L190.9 101.2c-9.8-9.3-10-24.8-.4-34.3z\"><\/path><\/svg>\t\t\t<\/span>\n\t\t\t\t\t\t\t\t\t<span class=\"elementor-button-text\">Quero fazer parte<\/span>\n\t\t\t\t\t<\/span>\n\t\t\t\t\t<\/a>\n\t\t\t\t\t\t\t\t<\/div>\n\t\t\t\t<\/div>\n\t\t\t\t\t<\/div>\n\t\t\t\t<\/div>\n\t\t<div class=\"elementor-element elementor-element-f0944c9 e-flex e-con-boxed e-con e-parent\" data-id=\"f0944c9\" data-element_type=\"container\" data-settings=\"{&quot;background_background&quot;:&quot;classic&quot;,&quot;jet_parallax_layout_list&quot;:[]}\">\n\t\t\t\t\t<div class=\"e-con-inner\">\n\t\t\t\t<div class=\"elementor-element elementor-element-962aa1c destaque-rosa elementor-widget__width-initial elementor-invisible elementor-widget elementor-widget-heading\" data-id=\"962aa1c\" data-element_type=\"widget\" data-settings=\"{&quot;_animation&quot;:&quot;fadeInRight&quot;}\" data-widget_type=\"heading.default\">\n\t\t\t\t\t<h2 class=\"elementor-heading-title elementor-size-default\"><span>VEJA<\/span> \ncomo foram as \u00faltimas globais<\/h2>\t\t\t\t<\/div>\n\t\t<div class=\"elementor-element elementor-element-fc0a30b e-con-full e-flex e-con e-child\" data-id=\"fc0a30b\" data-element_type=\"container\" data-settings=\"{&quot;jet_parallax_layout_list&quot;:[]}\">\n\t\t\t\t<div class=\"elementor-element elementor-element-91f0578 elementor-widget elementor-widget-video\" data-id=\"91f0578\" data-element_type=\"widget\" data-settings=\"{&quot;youtube_url&quot;:&quot;https:\\\/\\\/youtu.be\\\/3OLWUNokxyc&quot;,&quot;video_type&quot;:&quot;youtube&quot;,&quot;controls&quot;:&quot;yes&quot;}\" data-widget_type=\"video.default\">\n\t\t\t\t\t\t\t<div class=\"elementor-wrapper elementor-open-inline\">\n\t\t\t<div class=\"elementor-video\"><\/div>\t\t<\/div>\n\t\t\t\t\t\t<\/div>\n\t\t\t\t<\/div>\n\t\t<div class=\"elementor-element elementor-element-dc18e77 e-con-full e-flex e-con e-child\" data-id=\"dc18e77\" data-element_type=\"container\" data-settings=\"{&quot;jet_parallax_layout_list&quot;:[]}\">\n\t\t\t\t<div class=\"elementor-element elementor-element-07ede2c elementor-widget elementor-widget-video\" data-id=\"07ede2c\" data-element_type=\"widget\" data-settings=\"{&quot;youtube_url&quot;:&quot;https:\\\/\\\/youtu.be\\\/urvIbQZPAOY&quot;,&quot;video_type&quot;:&quot;youtube&quot;,&quot;controls&quot;:&quot;yes&quot;}\" data-widget_type=\"video.default\">\n\t\t\t\t\t\t\t<div class=\"elementor-wrapper elementor-open-inline\">\n\t\t\t<div class=\"elementor-video\"><\/div>\t\t<\/div>\n\t\t\t\t\t\t<\/div>\n\t\t\t\t<\/div>\n\t\t<div class=\"elementor-element elementor-element-8659012 e-con-full e-flex e-con e-child\" data-id=\"8659012\" data-element_type=\"container\" data-settings=\"{&quot;jet_parallax_layout_list&quot;:[]}\">\n\t\t\t\t<div class=\"elementor-element elementor-element-3f8da55 elementor-widget elementor-widget-video\" data-id=\"3f8da55\" data-element_type=\"widget\" data-settings=\"{&quot;youtube_url&quot;:&quot;https:\\\/\\\/youtu.be\\\/8YLSwoEogmU&quot;,&quot;video_type&quot;:&quot;youtube&quot;,&quot;controls&quot;:&quot;yes&quot;}\" data-widget_type=\"video.default\">\n\t\t\t\t\t\t\t<div class=\"elementor-wrapper elementor-open-inline\">\n\t\t\t<div class=\"elementor-video\"><\/div>\t\t<\/div>\n\t\t\t\t\t\t<\/div>\n\t\t\t\t<\/div>\n\t\t<div class=\"elementor-element elementor-element-c019a13 e-con-full e-flex e-con e-child\" data-id=\"c019a13\" data-element_type=\"container\" data-settings=\"{&quot;jet_parallax_layout_list&quot;:[]}\">\n\t\t\t\t<div class=\"elementor-element elementor-element-da03219 elementor-widget elementor-widget-video\" data-id=\"da03219\" data-element_type=\"widget\" data-settings=\"{&quot;youtube_url&quot;:&quot;https:\\\/\\\/youtu.be\\\/obad1L_v6z4&quot;,&quot;video_type&quot;:&quot;youtube&quot;,&quot;controls&quot;:&quot;yes&quot;}\" data-widget_type=\"video.default\">\n\t\t\t\t\t\t\t<div class=\"elementor-wrapper elementor-open-inline\">\n\t\t\t<div class=\"elementor-video\"><\/div>\t\t<\/div>\n\t\t\t\t\t\t<\/div>\n\t\t\t\t<\/div>\n\t\t\t\t\t<\/div>\n\t\t\t\t<\/div>\n\t\t\t\t<\/div>","protected":false},"excerpt":{"rendered":"<p>Quero participar da jornada O ALTITUDE 2025 \u00e9 a jornada estrat\u00e9gica das comunidades da ALAGEV ao longo do ano, inspirada na escalada do Everest. Nosso objetivo \u00e9 construir juntos solu\u00e7\u00f5es inovadoras para os desafios reais do setor de eventos e viagens corporativas. Acreditamos que o futuro n\u00e3o \u00e9 um lugar que se alcan\u00e7a por acaso [&hellip;]<\/p>","protected":false},"author":4,"featured_media":0,"parent":0,"menu_order":0,"comment_status":"closed","ping_status":"closed","template":"","meta":{"footnotes":""},"class_list":["post-5545","page","type-page","status-publish","hentry"],"_links":{"self":[{"href":"https:\/\/alagev.org\/en\/wp-json\/wp\/v2\/pages\/5545","targetHints":{"allow":["GET"]}}],"collection":[{"href":"https:\/\/alagev.org\/en\/wp-json\/wp\/v2\/pages"}],"about":[{"href":"https:\/\/alagev.org\/en\/wp-json\/wp\/v2\/types\/page"}],"author":[{"embeddable":true,"href":"https:\/\/alagev.org\/en\/wp-json\/wp\/v2\/users\/4"}],"replies":[{"embeddable":true,"href":"https:\/\/alagev.org\/en\/wp-json\/wp\/v2\/comments?post=5545"}],"version-history":[{"count":63,"href":"https:\/\/alagev.org\/en\/wp-json\/wp\/v2\/pages\/5545\/revisions"}],"predecessor-version":[{"id":7682,"href":"https:\/\/alagev.org\/en\/wp-json\/wp\/v2\/pages\/5545\/revisions\/7682"}],"wp:attachment":[{"href":"https:\/\/alagev.org\/en\/wp-json\/wp\/v2\/media?parent=5545"}],"curies":[{"name":"wp","href":"https:\/\/api.w.org\/{rel}","templated":true}]}}