{"id":5078,"date":"2025-04-10T10:17:00","date_gmt":"2025-04-10T13:17:00","guid":{"rendered":"https:\/\/alagev.org\/?page_id=5078"},"modified":"2025-08-05T15:51:35","modified_gmt":"2025-08-05T18:51:35","slug":"proposta-adesao","status":"publish","type":"page","link":"https:\/\/alagev.org\/en\/proposta-adesao\/","title":{"rendered":"Novo associado &#8211; proposta de ades\u00e3o"},"content":{"rendered":"<div data-elementor-type=\"wp-page\" data-elementor-id=\"5078\" class=\"elementor elementor-5078\" data-elementor-post-type=\"page\">\n\t\t\t\t<div class=\"elementor-element elementor-element-c19a54a e-con-full e-flex e-con e-parent\" data-id=\"c19a54a\" data-element_type=\"container\" data-settings=\"{&quot;background_background&quot;:&quot;classic&quot;,&quot;jet_parallax_layout_list&quot;:[],&quot;background_motion_fx_motion_fx_scrolling&quot;:&quot;yes&quot;,&quot;background_motion_fx_translateX_effect&quot;:&quot;yes&quot;,&quot;background_motion_fx_translateX_direction&quot;:&quot;negative&quot;,&quot;background_motion_fx_translateX_speed&quot;:{&quot;unit&quot;:&quot;px&quot;,&quot;size&quot;:10,&quot;sizes&quot;:[]},&quot;background_motion_fx_translateX_affectedRange&quot;:{&quot;unit&quot;:&quot;%&quot;,&quot;size&quot;:&quot;&quot;,&quot;sizes&quot;:{&quot;start&quot;:0,&quot;end&quot;:100}},&quot;background_motion_fx_devices&quot;:[&quot;desktop&quot;,&quot;tablet&quot;,&quot;mobile&quot;]}\">\n\t\t\t\t<div class=\"elementor-element elementor-element-9ba8e88 elementor-widget elementor-widget-spacer\" data-id=\"9ba8e88\" data-element_type=\"widget\" data-widget_type=\"spacer.default\">\n\t\t\t\t\t\t\t<div class=\"elementor-spacer\">\n\t\t\t<div class=\"elementor-spacer-inner\"><\/div>\n\t\t<\/div>\n\t\t\t\t\t\t<\/div>\n\t\t\t\t<\/div>\n\t\t<div class=\"elementor-element elementor-element-95f0079 e-flex e-con-boxed e-con e-parent\" data-id=\"95f0079\" data-element_type=\"container\" data-settings=\"{&quot;background_background&quot;:&quot;classic&quot;,&quot;jet_parallax_layout_list&quot;:[]}\">\n\t\t\t\t\t<div class=\"e-con-inner\">\n\t\t\t\t<div class=\"elementor-element elementor-element-78d10c5 elementor-align-right elementor-hidden-desktop elementor-hidden-tablet elementor-mobile-align-center elementor-widget elementor-widget-lottie\" data-id=\"78d10c5\" data-element_type=\"widget\" data-settings=\"{&quot;source_json&quot;:{&quot;url&quot;:&quot;https:\\\/\\\/alagev.org\\\/wp-content\\\/uploads\\\/2025\\\/01\\\/3vezes_rosa.json&quot;,&quot;id&quot;:1539,&quot;size&quot;:&quot;&quot;,&quot;alt&quot;:&quot;&quot;,&quot;source&quot;:&quot;library&quot;},&quot;trigger&quot;:&quot;bind_to_scroll&quot;,&quot;source&quot;:&quot;media_file&quot;,&quot;caption_source&quot;:&quot;none&quot;,&quot;link_to&quot;:&quot;none&quot;,&quot;viewport&quot;:{&quot;unit&quot;:&quot;%&quot;,&quot;size&quot;:&quot;&quot;,&quot;sizes&quot;:{&quot;start&quot;:0,&quot;end&quot;:100}},&quot;effects_relative_to&quot;:&quot;viewport&quot;,&quot;start_point&quot;:{&quot;unit&quot;:&quot;%&quot;,&quot;size&quot;:0,&quot;sizes&quot;:[]},&quot;end_point&quot;:{&quot;unit&quot;:&quot;%&quot;,&quot;size&quot;:100,&quot;sizes&quot;:[]},&quot;renderer&quot;:&quot;svg&quot;}\" data-widget_type=\"lottie.default\">\n\t\t\t\t\t<div class=\"e-lottie__container\"><div class=\"e-lottie__animation\"><\/div><\/div>\t\t\t\t<\/div>\n\t\t\t\t<div class=\"elementor-element elementor-element-73ee2d3 elementor-widget elementor-widget-heading\" data-id=\"73ee2d3\" data-element_type=\"widget\" data-widget_type=\"heading.default\">\n\t\t\t\t\t<h1 class=\"elementor-heading-title elementor-size-default\">Associe-se<\/h1>\t\t\t\t<\/div>\n\t\t<div class=\"elementor-element elementor-element-11121a3 e-con-full e-flex e-con e-child\" data-id=\"11121a3\" data-element_type=\"container\" data-settings=\"{&quot;jet_parallax_layout_list&quot;:[]}\">\n\t\t\t\t<div class=\"elementor-element elementor-element-dc72f77 destaque-rosa elementor-widget__width-initial elementor-invisible elementor-widget elementor-widget-heading\" data-id=\"dc72f77\" data-element_type=\"widget\" data-settings=\"{&quot;_animation&quot;:&quot;slideInLeft&quot;}\" data-widget_type=\"heading.default\">\n\t\t\t\t\t<h2 class=\"elementor-heading-title elementor-size-default\">SEJA UM ASSOCIADO <span> ALAGEV<\/span> \n<\/h2>\t\t\t\t<\/div>\n\t\t\t\t<div class=\"elementor-element elementor-element-77bca97 elementor-widget__width-initial elementor-widget-divider--view-line elementor-widget elementor-widget-divider\" data-id=\"77bca97\" data-element_type=\"widget\" data-widget_type=\"divider.default\">\n\t\t\t\t\t\t\t<div class=\"elementor-divider\">\n\t\t\t<span class=\"elementor-divider-separator\">\n\t\t\t\t\t\t<\/span>\n\t\t<\/div>\n\t\t\t\t\t\t<\/div>\n\t\t\t\t<div class=\"elementor-element elementor-element-56c0b1f elementor-widget elementor-widget-text-editor\" data-id=\"56c0b1f\" data-element_type=\"widget\" data-widget_type=\"text-editor.default\">\n\t\t\t\t\t\t\t\t\t<p>Preencha a proposta de ades\u00e3o e torne-se um associado ALAGEV!<\/p>\t\t\t\t\t\t\t\t<\/div>\n\t\t\t\t<div class=\"elementor-element elementor-element-f70ecfa elementor-align-right elementor-absolute elementor-hidden-mobile elementor-mobile-align-center elementor-widget elementor-widget-lottie\" data-id=\"f70ecfa\" data-element_type=\"widget\" data-settings=\"{&quot;source_json&quot;:{&quot;url&quot;:&quot;https:\\\/\\\/alagev.org\\\/wp-content\\\/uploads\\\/2025\\\/01\\\/3vezes_rosa.json&quot;,&quot;id&quot;:1539,&quot;size&quot;:&quot;&quot;,&quot;alt&quot;:&quot;&quot;,&quot;source&quot;:&quot;library&quot;},&quot;trigger&quot;:&quot;bind_to_scroll&quot;,&quot;_position&quot;:&quot;absolute&quot;,&quot;source&quot;:&quot;media_file&quot;,&quot;caption_source&quot;:&quot;none&quot;,&quot;link_to&quot;:&quot;none&quot;,&quot;viewport&quot;:{&quot;unit&quot;:&quot;%&quot;,&quot;size&quot;:&quot;&quot;,&quot;sizes&quot;:{&quot;start&quot;:0,&quot;end&quot;:100}},&quot;effects_relative_to&quot;:&quot;viewport&quot;,&quot;start_point&quot;:{&quot;unit&quot;:&quot;%&quot;,&quot;size&quot;:0,&quot;sizes&quot;:[]},&quot;end_point&quot;:{&quot;unit&quot;:&quot;%&quot;,&quot;size&quot;:100,&quot;sizes&quot;:[]},&quot;renderer&quot;:&quot;svg&quot;}\" data-widget_type=\"lottie.default\">\n\t\t\t\t\t<div class=\"e-lottie__container\"><div class=\"e-lottie__animation\"><\/div><\/div>\t\t\t\t<\/div>\n\t\t\t\t<\/div>\n\t\t\t\t\t<\/div>\n\t\t\t\t<\/div>\n\t\t<div class=\"elementor-element elementor-element-f663d57 e-flex e-con-boxed e-con e-parent\" data-id=\"f663d57\" data-element_type=\"container\" id=\"formulario-associados\" data-settings=\"{&quot;background_background&quot;:&quot;classic&quot;,&quot;jet_parallax_layout_list&quot;:[]}\">\n\t\t\t\t\t<div class=\"e-con-inner\">\n\t\t<div class=\"elementor-element elementor-element-539cd98 e-con-full e-flex e-con e-child\" data-id=\"539cd98\" data-element_type=\"container\" data-settings=\"{&quot;jet_parallax_layout_list&quot;:[]}\">\n\t\t\t\t<div class=\"elementor-element elementor-element-8159ee4 elementor-widget__width-auto e-transform elementor-widget elementor-widget-image\" data-id=\"8159ee4\" data-element_type=\"widget\" data-settings=\"{&quot;_transform_flipX_effect_hover&quot;:&quot;transform&quot;}\" data-widget_type=\"image.default\">\n\t\t\t\t\t\t\t\t\t\t\t\t\t\t\t\t<a href=\"https:\/\/alagev.org\/en\/proposta-adesao\/#formulario-associados\">\n\t\t\t\t\t\t\t<img decoding=\"async\" width=\"188\" height=\"96\" src=\"https:\/\/alagev.org\/wp-content\/uploads\/2025\/01\/Asset-3.svg\" class=\"attachment-large size-large wp-image-441\" alt=\"Associe-se\" \/>\t\t\t\t\t\t\t\t<\/a>\n\t\t\t\t\t\t\t\t\t\t\t\t\t\t\t<\/div>\n\t\t\t\t<div class=\"elementor-element elementor-element-e157d77 elementor-widget elementor-widget-html\" data-id=\"e157d77\" data-element_type=\"widget\" data-widget_type=\"html.default\">\n\t\t\t\t\t<style>\n.jetform-loading-overlay {\n  position: fixed;\n  top: 0;\n  left: 0;\n  width: 100%;\n  height: 100%;\n  background: rgba(0, 0, 0, 0.7); \/* fundo escuro *\/\n  z-index: 9999;\n  display: none;\n  justify-content: center;\n  align-items: center;\n}\n\n.jetform-loading-spinner {\n  width: 60px;\n  height: 60px;\n  border: 6px solid #fff;\n  border-top: 6px solid transparent;\n  border-radius: 50%;\n  animation: spin 1s linear infinite;\n}\n\n@keyframes spin {\n  0% { transform: rotate(0deg); }\n  100% { transform: rotate(360deg); }\n}\n<\/style>\n\n<div class=\"jetform-loading-overlay\" id=\"jetformLoadingOverlay\">\n  <div class=\"jetform-loading-spinner\"><\/div>\n<\/div>\n\n<script>\ndocument.addEventListener('DOMContentLoaded', function () {\n  const form = document.querySelector('form.jet-form-builder');\n  const overlay = document.getElementById('jetformLoadingOverlay');\n  let alreadySent = false;\n\n  if (form && overlay) {\n    form.addEventListener('submit', function (e) {\n      if (alreadySent) return;\n\n      e.preventDefault();\n      overlay.style.display = 'flex'; \/\/ usa flex para centralizar spinner\n\n      setTimeout(() => {\n        alreadySent = true;\n        form.requestSubmit();\n      }, 5000);\n    });\n\n    \/\/ Some com o overlay ap\u00f3s sucesso\n    document.addEventListener('jet-form-builder\/ajax\/on-success', function () {\n      overlay.style.display = 'none';\n    });\n\n    \/\/ Some com o overlay ap\u00f3s erro\n    document.addEventListener('jet-form-builder\/ajax\/on-error', function () {\n      overlay.style.display = 'none';\n    });\n\n    \/\/ Observador para detectar mensagens de sucesso\/erro no DOM\n    const observer = new MutationObserver(() => {\n      if (document.querySelector('.jet-form-builder-message--success') ||\n          document.querySelector('.jet-form-builder-message--error')) {\n        overlay.style.display = 'none';\n      }\n    });\n\n    observer.observe(document.body, { childList: true, subtree: true });\n  }\n});\n<\/script>\n\t\t\t\t<\/div>\n\t\t<div class=\"elementor-element elementor-element-62246c8 e-con-full jedv-enabled--yes e-flex e-con e-child\" data-id=\"62246c8\" data-element_type=\"container\" data-settings=\"{&quot;background_background&quot;:&quot;classic&quot;,&quot;jet_parallax_layout_list&quot;:[]}\">\n\t\t\t\t<div class=\"elementor-element elementor-element-89aff62 elementor-widget elementor-widget-heading\" data-id=\"89aff62\" data-element_type=\"widget\" data-widget_type=\"heading.default\">\n\t\t\t\t\t<h2 class=\"elementor-heading-title elementor-size-default\">Tipo de Associatividade:<\/h2>\t\t\t\t<\/div>\n\t\t\t\t<div class=\"elementor-element elementor-element-223032e elementor-align-justify elementor-widget elementor-widget-button\" data-id=\"223032e\" data-element_type=\"widget\" data-widget_type=\"button.default\">\n\t\t\t\t\t\t\t\t\t\t<a class=\"elementor-button elementor-button-link elementor-size-sm\" href=\"https:\/\/alagev.org\/en\/proposta-adesao\/?_tipo=fornecedor#formulario-associados\" _tipo=\"fornecedor\">\n\t\t\t\t\t\t<span class=\"elementor-button-content-wrapper\">\n\t\t\t\t\t\t\t\t\t<span class=\"elementor-button-text\">Fornecedor<\/span>\n\t\t\t\t\t<\/span>\n\t\t\t\t\t<\/a>\n\t\t\t\t\t\t\t\t<\/div>\n\t\t\t\t<div class=\"elementor-element elementor-element-f54c9e4 elementor-align-justify elementor-widget elementor-widget-button\" data-id=\"f54c9e4\" data-element_type=\"widget\" data-widget_type=\"button.default\">\n\t\t\t\t\t\t\t\t\t\t<a class=\"elementor-button elementor-button-link elementor-size-sm\" href=\"https:\/\/alagev.org\/en\/proposta-adesao\/?_tipo=cliente-final#formulario-associados\" _tipo=\"cliente-final\">\n\t\t\t\t\t\t<span class=\"elementor-button-content-wrapper\">\n\t\t\t\t\t\t\t\t\t<span class=\"elementor-button-text\">Cliente final<\/span>\n\t\t\t\t\t<\/span>\n\t\t\t\t\t<\/a>\n\t\t\t\t\t\t\t\t<\/div>\n\t\t\t\t<div class=\"elementor-element elementor-element-64eea7e elementor-align-justify elementor-widget elementor-widget-button\" data-id=\"64eea7e\" data-element_type=\"widget\" data-widget_type=\"button.default\">\n\t\t\t\t\t\t\t\t\t\t<a class=\"elementor-button elementor-button-link elementor-size-sm\" href=\"https:\/\/alagev.org\/en\/proposta-adesao\/?_tipo=pessoa-fisica#formulario-associados\" _tipo=\"pessoa-fisica\">\n\t\t\t\t\t\t<span class=\"elementor-button-content-wrapper\">\n\t\t\t\t\t\t\t\t\t<span class=\"elementor-button-text\">Pessoa F\u00edsica<\/span>\n\t\t\t\t\t<\/span>\n\t\t\t\t\t<\/a>\n\t\t\t\t\t\t\t\t<\/div>\n\t\t\t\t<\/div>\n\t\t\t\t<\/div>\n\t\t\t\t\t<\/div>\n\t\t\t\t<\/div>\n\t\t\t\t<\/div>","protected":false},"excerpt":{"rendered":"<p>Associe-se SEJA UM ASSOCIADO ALAGEV Preencha a proposta de ades\u00e3o e torne-se um associado ALAGEV! Tipo de Associatividade: Fornecedor Cliente final Pessoa F\u00edsica Formul\u00e1rio enviado com sucesso! Obrigada pelo envio da proposta de Ades\u00e3o. Proposta de ades\u00e3o &#8211; Pessoa F\u00edsica CPF * Validar Nome Completo * E-mail * Data de Nascimento * Telefone Celular * [&hellip;]<\/p>","protected":false},"author":9,"featured_media":0,"parent":0,"menu_order":0,"comment_status":"closed","ping_status":"closed","template":"","meta":{"footnotes":""},"class_list":["post-5078","page","type-page","status-publish","hentry"],"_links":{"self":[{"href":"https:\/\/alagev.org\/en\/wp-json\/wp\/v2\/pages\/5078","targetHints":{"allow":["GET"]}}],"collection":[{"href":"https:\/\/alagev.org\/en\/wp-json\/wp\/v2\/pages"}],"about":[{"href":"https:\/\/alagev.org\/en\/wp-json\/wp\/v2\/types\/page"}],"author":[{"embeddable":true,"href":"https:\/\/alagev.org\/en\/wp-json\/wp\/v2\/users\/9"}],"replies":[{"embeddable":true,"href":"https:\/\/alagev.org\/en\/wp-json\/wp\/v2\/comments?post=5078"}],"version-history":[{"count":165,"href":"https:\/\/alagev.org\/en\/wp-json\/wp\/v2\/pages\/5078\/revisions"}],"predecessor-version":[{"id":7338,"href":"https:\/\/alagev.org\/en\/wp-json\/wp\/v2\/pages\/5078\/revisions\/7338"}],"wp:attachment":[{"href":"https:\/\/alagev.org\/en\/wp-json\/wp\/v2\/media?parent=5078"}],"curies":[{"name":"wp","href":"https:\/\/api.w.org\/{rel}","templated":true}]}}