{"id":3,"date":"2025-01-16T12:29:36","date_gmt":"2025-01-16T12:29:36","guid":{"rendered":"https:\/\/alagev.org\/?page_id=3"},"modified":"2025-03-25T11:27:21","modified_gmt":"2025-03-25T14:27:21","slug":"politica-de-privacidade","status":"publish","type":"page","link":"https:\/\/alagev.org\/en\/politica-de-privacidade\/","title":{"rendered":"Pol\u00edtica de privacidade"},"content":{"rendered":"<div data-elementor-type=\"wp-page\" data-elementor-id=\"3\" class=\"elementor elementor-3\" data-elementor-post-type=\"page\">\n\t\t\t\t<div class=\"elementor-element elementor-element-71deee5d e-flex e-con-boxed e-con e-parent\" data-id=\"71deee5d\" data-element_type=\"container\" data-settings=\"{&quot;jet_parallax_layout_list&quot;:[]}\">\n\t\t\t\t\t<div class=\"e-con-inner\">\n\t\t\t\t<div class=\"elementor-element elementor-element-db96b63 elementor-widget elementor-widget-heading\" data-id=\"db96b63\" data-element_type=\"widget\" data-widget_type=\"heading.default\">\n\t\t\t\t\t<h1 class=\"elementor-heading-title elementor-size-default\">Pol\u00edtica de Privacidade<\/h1>\t\t\t\t<\/div>\n\t\t\t\t<div class=\"elementor-element elementor-element-1e4e274 elementor-widget elementor-widget-text-editor\" data-id=\"1e4e274\" data-element_type=\"widget\" data-widget_type=\"text-editor.default\">\n\t\t\t\t\t\t\t\t\t\n<div class=\"elementor-element elementor-element-9d4f0a8 elementor-widget elementor-widget-heading is-mac\" data-id=\"9d4f0a8\" data-element_type=\"widget\" data-widget_type=\"heading.default\">\n<div class=\"elementor-widget-container\">\n<h2 class=\"elementor-heading-title elementor-size-default wp-block-heading\">\u00a0<\/h2>\n<\/div>\n<\/div>\n<div class=\"elementor-element elementor-element-280ae48 elementor-widget__width-initial elementor-widget elementor-widget-text-editor is-mac\" data-id=\"280ae48\" data-element_type=\"widget\" data-widget_type=\"text-editor.default\">\n<div class=\"elementor-widget-container\">\n<p>Declaro estar ciente da necessidade da correta declara\u00e7\u00e3o dos meus dados para aderir a esta inscri\u00e7\u00e3o, n\u00e3o sendo permitida a utiliza\u00e7\u00e3o de dados de terceiros para esse preenchimento.<\/p>\n<p>Declaro estar ciente que os dados pessoais fornecidos no ato da inscri\u00e7\u00e3o ser\u00e3o tratados pela ALAGEV, em conformidade com a Lei no 13.709\/2018 (LGPD)<\/p>\n<p>Tenho conhecimento e concordo que ao finalizar minha inscri\u00e7\u00e3o meus dados ser\u00e3o armazenados, em absoluto segredo, na base de dados dos servidores da ALAGEV ou de terceiros por ela contratados para este fim pelo per\u00edodo de 2 (dois) anos a contar da data do meu registro e poder\u00e3o ser utilizados para envio de not\u00edcias, comunica\u00e7\u00f5es, informa\u00e7\u00f5es e novidades sobre a Associa\u00e7\u00e3o e o mercado de Gest\u00e3o de Viagens e Eventos.<\/p>\n<p>Tenho conhecimento e concordo que ao finalizar minha inscri\u00e7\u00e3o meus dados ser\u00e3o compartilhados com os patrocinadores do EVENTO, para a finalidade espec\u00edfica de contato comercial dos Patrocinadores e fomento de atividades de relacionamento.<\/p>\n<p>O compartilhamento de dados pessoais dos participantes do evento com os patrocinadores \u00e9 condi\u00e7\u00e3o para realiza\u00e7\u00e3o do evento, de forma que se o titular se opor a este tratamento, a inscri\u00e7\u00e3o no evento n\u00e3o poder\u00e1 ser realizada.<\/p>\n<p>A ALAGEV se responsabiliza por manter medidas de seguran\u00e7a, t\u00e9cnicas e administrativas adequadas a proteger os dados pessoais do Titular, reiterando o compromisso de comunicar ao titular de dados, caso ocorra algum incidente de seguran\u00e7a que possa acarretar risco ou dano relevante, conforme artigo 48 da Lei n\u00b0 13.709\/2020.<\/p>\n<p>Na hip\u00f3tese do titular dos dados pessoais decida por exercer os seus direitos sobre seus dados, sobretudo direitos de acesso, corre\u00e7\u00e3o, elimina\u00e7\u00e3o, anonimiza\u00e7\u00e3o ou bloqueio dos dados, poder\u00e1 faz\u00ea-lo pedido por escrito dirigido ao e-mail\u00a0<a href=\"mailto:contato@alagev.org\" target=\"_blank\" rel=\"noopener\">contato@alagev.org<\/a><\/p>\n<p>A ALAGEV atender\u00e1 prontamente a solicita\u00e7\u00e3o, nos termos do \u00a7 6\u00ba do artigo 18, informando de maneira imediata aos agentes de tratamento com os quais realizou o compartilhamento para que repliquem o mesmo procedimento, exceto nos casos em que esta comunica\u00e7\u00e3o seja comprovadamente imposs\u00edvel ou implique esfor\u00e7o desproporcional.<\/p>\n<p>Estou ciente que a utiliza\u00e7\u00e3o e descarte do crach\u00e1 s\u00e3o de minha inteira responsabilidade. Assim como a utiliza\u00e7\u00e3o dos dados disponibilizados via Qrcode tamb\u00e9m s\u00e3o de minha inteira responsabilidade.<\/p>\n<p>\u2013 Os valores apresentados s\u00e3o individuais (por pessoa);<\/p>\n<p>\u2013 Categoria Cliente: s\u00e3o empresas clientes (finais), respons\u00e1veis pela gest\u00e3o de viagens e\/ou eventos;<\/p>\n<p>\u2013 Categoria Fornecedor: s\u00e3o ag\u00eancias de viagens (TMC\u00b4S), companhias a\u00e9reas, hot\u00e9is, locadoras de ve\u00edculos, espa\u00e7os para eventos, meios de pagamento, tecnologia, log\u00edstica de transporte, audiovisual, seguros, cruzeiros, organizadores de eventos, entre outros;<\/p>\n<p>\u2013 Para se inscrever na categoria \u201cParticipante de Comunidade\u201d, voc\u00ea deve ser o representante da sua empresa em um dos comit\u00eas.<\/p>\n<h4><strong>Pol\u00edtica de cancelamento:<\/strong><\/h4>\n<p>Todas as solicita\u00e7\u00f5es de cancelamentos devem ser efetuadas por escrito \u00e0 ALAGEV atrav\u00e9s do email\u00a0<a href=\"mailto:financeiro@alagev.org\">financeiro@alagev.org<\/a><\/p>\n<p>Todos os pedidos estar\u00e3o sujeitos \u00e0 cobran\u00e7a de uma taxa de administra\u00e7\u00e3o dependendo da data da solicita\u00e7\u00e3o.<\/p>\n<p>N\u00e3o haver\u00e1 reembolso para os casos de n\u00e3o comparecimento ao evento.<\/p>\n<h3><strong>D\u00favidas?<\/strong><\/h3>\n<p>Entre em contato com\u00a0<a href=\"mailto:contato@alagev.org\">contato@alagev.org<\/a><\/p>\n<\/div>\n<\/div>\t\t\t\t\t\t\t\t<\/div>\n\t\t\t\t\t<\/div>\n\t\t\t\t<\/div>\n\t\t\t\t<\/div>","protected":false},"excerpt":{"rendered":"<p>Pol\u00edtica de Privacidade Declaro estar ciente da necessidade da correta declara\u00e7\u00e3o dos meus dados para aderir a esta inscri\u00e7\u00e3o, n\u00e3o sendo permitida a utiliza\u00e7\u00e3o de dados de terceiros para esse preenchimento. Declaro estar ciente que os dados pessoais fornecidos no ato da inscri\u00e7\u00e3o ser\u00e3o tratados pela ALAGEV, em conformidade com a Lei no 13.709\/2018 (LGPD) [&hellip;]<\/p>","protected":false},"author":1,"featured_media":0,"parent":0,"menu_order":0,"comment_status":"closed","ping_status":"closed","template":"","meta":{"footnotes":""},"class_list":["post-3","page","type-page","status-publish","hentry"],"_links":{"self":[{"href":"https:\/\/alagev.org\/en\/wp-json\/wp\/v2\/pages\/3","targetHints":{"allow":["GET"]}}],"collection":[{"href":"https:\/\/alagev.org\/en\/wp-json\/wp\/v2\/pages"}],"about":[{"href":"https:\/\/alagev.org\/en\/wp-json\/wp\/v2\/types\/page"}],"author":[{"embeddable":true,"href":"https:\/\/alagev.org\/en\/wp-json\/wp\/v2\/users\/1"}],"replies":[{"embeddable":true,"href":"https:\/\/alagev.org\/en\/wp-json\/wp\/v2\/comments?post=3"}],"version-history":[{"count":9,"href":"https:\/\/alagev.org\/en\/wp-json\/wp\/v2\/pages\/3\/revisions"}],"predecessor-version":[{"id":4902,"href":"https:\/\/alagev.org\/en\/wp-json\/wp\/v2\/pages\/3\/revisions\/4902"}],"wp:attachment":[{"href":"https:\/\/alagev.org\/en\/wp-json\/wp\/v2\/media?parent=3"}],"curies":[{"name":"wp","href":"https:\/\/api.w.org\/{rel}","templated":true}]}}