{"id":1991,"date":"2025-01-28T16:12:09","date_gmt":"2025-01-28T19:12:09","guid":{"rendered":"https:\/\/alagev.org\/?page_id=1991"},"modified":"2025-04-23T13:39:17","modified_gmt":"2025-04-23T16:39:17","slug":"associe-se","status":"publish","type":"page","link":"https:\/\/alagev.org\/en\/associe-se\/","title":{"rendered":"ASSOCIE-SE"},"content":{"rendered":"<div data-elementor-type=\"wp-page\" data-elementor-id=\"1991\" class=\"elementor elementor-1991\" data-elementor-post-type=\"page\">\n\t\t\t\t<div class=\"elementor-element elementor-element-3c897a7 e-con-full e-flex e-con e-parent\" data-id=\"3c897a7\" data-element_type=\"container\" data-settings=\"{&quot;background_background&quot;:&quot;classic&quot;,&quot;jet_parallax_layout_list&quot;:[],&quot;background_motion_fx_motion_fx_scrolling&quot;:&quot;yes&quot;,&quot;background_motion_fx_translateX_effect&quot;:&quot;yes&quot;,&quot;background_motion_fx_translateX_direction&quot;:&quot;negative&quot;,&quot;background_motion_fx_translateX_speed&quot;:{&quot;unit&quot;:&quot;px&quot;,&quot;size&quot;:10,&quot;sizes&quot;:[]},&quot;background_motion_fx_translateX_affectedRange&quot;:{&quot;unit&quot;:&quot;%&quot;,&quot;size&quot;:&quot;&quot;,&quot;sizes&quot;:{&quot;start&quot;:0,&quot;end&quot;:100}},&quot;background_motion_fx_devices&quot;:[&quot;desktop&quot;,&quot;tablet&quot;,&quot;mobile&quot;]}\">\n\t\t\t\t<div class=\"elementor-element elementor-element-febbd48 elementor-widget elementor-widget-spacer\" data-id=\"febbd48\" data-element_type=\"widget\" data-widget_type=\"spacer.default\">\n\t\t\t\t\t\t\t<div class=\"elementor-spacer\">\n\t\t\t<div class=\"elementor-spacer-inner\"><\/div>\n\t\t<\/div>\n\t\t\t\t\t\t<\/div>\n\t\t\t\t<\/div>\n\t\t<div class=\"elementor-element elementor-element-5030b9e e-flex e-con-boxed e-con e-parent\" data-id=\"5030b9e\" data-element_type=\"container\" data-settings=\"{&quot;background_background&quot;:&quot;classic&quot;,&quot;jet_parallax_layout_list&quot;:[]}\">\n\t\t\t\t\t<div class=\"e-con-inner\">\n\t\t\t\t<div class=\"elementor-element elementor-element-b0bcdbe elementor-align-right elementor-hidden-desktop elementor-hidden-tablet elementor-mobile-align-center elementor-widget elementor-widget-lottie\" data-id=\"b0bcdbe\" data-element_type=\"widget\" data-settings=\"{&quot;source_json&quot;:{&quot;url&quot;:&quot;https:\\\/\\\/alagev.org\\\/wp-content\\\/uploads\\\/2025\\\/01\\\/3vezes_rosa.json&quot;,&quot;id&quot;:1539,&quot;size&quot;:&quot;&quot;,&quot;alt&quot;:&quot;&quot;,&quot;source&quot;:&quot;library&quot;},&quot;trigger&quot;:&quot;bind_to_scroll&quot;,&quot;source&quot;:&quot;media_file&quot;,&quot;caption_source&quot;:&quot;none&quot;,&quot;link_to&quot;:&quot;none&quot;,&quot;viewport&quot;:{&quot;unit&quot;:&quot;%&quot;,&quot;size&quot;:&quot;&quot;,&quot;sizes&quot;:{&quot;start&quot;:0,&quot;end&quot;:100}},&quot;effects_relative_to&quot;:&quot;viewport&quot;,&quot;start_point&quot;:{&quot;unit&quot;:&quot;%&quot;,&quot;size&quot;:0,&quot;sizes&quot;:[]},&quot;end_point&quot;:{&quot;unit&quot;:&quot;%&quot;,&quot;size&quot;:100,&quot;sizes&quot;:[]},&quot;renderer&quot;:&quot;svg&quot;}\" data-widget_type=\"lottie.default\">\n\t\t\t\t\t<div class=\"e-lottie__container\"><div class=\"e-lottie__animation\"><\/div><\/div>\t\t\t\t<\/div>\n\t\t\t\t<div class=\"elementor-element elementor-element-45632ab elementor-widget elementor-widget-heading\" data-id=\"45632ab\" data-element_type=\"widget\" data-widget_type=\"heading.default\">\n\t\t\t\t\t<h1 class=\"elementor-heading-title elementor-size-default\">Associe-se<\/h1>\t\t\t\t<\/div>\n\t\t<div class=\"elementor-element elementor-element-038485c e-con-full e-flex e-con e-child\" data-id=\"038485c\" data-element_type=\"container\" data-settings=\"{&quot;jet_parallax_layout_list&quot;:[]}\">\n\t\t\t\t<div class=\"elementor-element elementor-element-db0ca4c destaque-rosa elementor-widget__width-initial elementor-invisible elementor-widget elementor-widget-heading\" data-id=\"db0ca4c\" data-element_type=\"widget\" data-settings=\"{&quot;_animation&quot;:&quot;slideInLeft&quot;}\" data-widget_type=\"heading.default\">\n\t\t\t\t\t<h2 class=\"elementor-heading-title elementor-size-default\">SEJA UM ASSOCIADO <span> ALAGEV<\/span> \n<\/h2>\t\t\t\t<\/div>\n\t\t\t\t<div class=\"elementor-element elementor-element-e2562f5 elementor-widget__width-initial elementor-widget-divider--view-line elementor-widget elementor-widget-divider\" data-id=\"e2562f5\" data-element_type=\"widget\" data-widget_type=\"divider.default\">\n\t\t\t\t\t\t\t<div class=\"elementor-divider\">\n\t\t\t<span class=\"elementor-divider-separator\">\n\t\t\t\t\t\t<\/span>\n\t\t<\/div>\n\t\t\t\t\t\t<\/div>\n\t\t\t\t<div class=\"elementor-element elementor-element-3e541bc elementor-widget elementor-widget-text-editor\" data-id=\"3e541bc\" data-element_type=\"widget\" data-widget_type=\"text-editor.default\">\n\t\t\t\t\t\t\t\t\t<p>Compartilhar as melhores pr\u00e1ticas e conte\u00fado qualificado<\/p><p>Conectar o mercado de Viagens e Eventos Corporativos<\/p><p>Capacitar e promover para desenvolvimento da Ind\u00fastria<\/p>\t\t\t\t\t\t\t\t<\/div>\n\t\t\t\t<div class=\"elementor-element elementor-element-d947db1 elementor-align-right elementor-absolute elementor-hidden-mobile elementor-mobile-align-center elementor-widget elementor-widget-lottie\" data-id=\"d947db1\" data-element_type=\"widget\" data-settings=\"{&quot;source_json&quot;:{&quot;url&quot;:&quot;https:\\\/\\\/alagev.org\\\/wp-content\\\/uploads\\\/2025\\\/01\\\/3vezes_rosa.json&quot;,&quot;id&quot;:1539,&quot;size&quot;:&quot;&quot;,&quot;alt&quot;:&quot;&quot;,&quot;source&quot;:&quot;library&quot;},&quot;trigger&quot;:&quot;bind_to_scroll&quot;,&quot;_position&quot;:&quot;absolute&quot;,&quot;source&quot;:&quot;media_file&quot;,&quot;caption_source&quot;:&quot;none&quot;,&quot;link_to&quot;:&quot;none&quot;,&quot;viewport&quot;:{&quot;unit&quot;:&quot;%&quot;,&quot;size&quot;:&quot;&quot;,&quot;sizes&quot;:{&quot;start&quot;:0,&quot;end&quot;:100}},&quot;effects_relative_to&quot;:&quot;viewport&quot;,&quot;start_point&quot;:{&quot;unit&quot;:&quot;%&quot;,&quot;size&quot;:0,&quot;sizes&quot;:[]},&quot;end_point&quot;:{&quot;unit&quot;:&quot;%&quot;,&quot;size&quot;:100,&quot;sizes&quot;:[]},&quot;renderer&quot;:&quot;svg&quot;}\" data-widget_type=\"lottie.default\">\n\t\t\t\t\t<div class=\"e-lottie__container\"><div class=\"e-lottie__animation\"><\/div><\/div>\t\t\t\t<\/div>\n\t\t\t\t<\/div>\n\t\t\t\t\t<\/div>\n\t\t\t\t<\/div>\n\t\t<div class=\"elementor-element elementor-element-ce760ab e-flex e-con-boxed e-con e-parent\" data-id=\"ce760ab\" data-element_type=\"container\" data-settings=\"{&quot;background_background&quot;:&quot;classic&quot;,&quot;jet_parallax_layout_list&quot;:[]}\">\n\t\t\t\t\t<div class=\"e-con-inner\">\n\t\t<div class=\"elementor-element elementor-element-f3e0907 e-con-full e-flex e-con e-child\" data-id=\"f3e0907\" data-element_type=\"container\" data-settings=\"{&quot;jet_parallax_layout_list&quot;:[]}\">\n\t\t\t\t<div class=\"elementor-element elementor-element-cc2a45e elementor-widget__width-auto elementor-widget elementor-widget-image\" data-id=\"cc2a45e\" data-element_type=\"widget\" data-widget_type=\"image.default\">\n\t\t\t\t\t\t\t\t\t\t\t\t\t\t\t<img decoding=\"async\" width=\"188\" height=\"96\" src=\"https:\/\/alagev.org\/wp-content\/uploads\/2025\/01\/Asset-3.svg\" class=\"attachment-large size-large wp-image-441\" alt=\"Associe-se\" \/>\t\t\t\t\t\t\t\t\t\t\t\t\t\t\t<\/div>\n\t\t\t\t<div class=\"elementor-element elementor-element-8e67bbc elementor-widget__width-auto elementor-widget elementor-widget-heading\" data-id=\"8e67bbc\" data-element_type=\"widget\" data-widget_type=\"heading.default\">\n\t\t\t\t\t<h2 class=\"elementor-heading-title elementor-size-default\">VANTAGENS DE SER ASSOCIADO ALAGEV<\/h2>\t\t\t\t<\/div>\n\t\t\t\t<div class=\"elementor-element elementor-element-1e6663c elementor-widget elementor-widget-text-editor\" data-id=\"1e6663c\" data-element_type=\"widget\" data-widget_type=\"text-editor.default\">\n\t\t\t\t\t\t\t\t\t<p>A ALAGEV \u00e9 um espa\u00e7o de muito networking, benchmark, aprendizado, crescimento pessoal e profissional, al\u00e9m de descontos em nossos eventos e muitas outras oportunidades!<\/p><p>Fa\u00e7a parte da nossa COMUNIDADE, que por meio da coopera\u00e7\u00e3o entre os players e da especializa\u00e7\u00e3o em gera\u00e7\u00e3o de conte\u00fado qualificado, promove a cadeia de Viagens e Eventos Corporativos.<\/p>\t\t\t\t\t\t\t\t<\/div>\n\t\t<div class=\"elementor-element elementor-element-646c913 e-con-full e-flex e-con e-child\" data-id=\"646c913\" data-element_type=\"container\" data-settings=\"{&quot;background_background&quot;:&quot;classic&quot;,&quot;jet_parallax_layout_list&quot;:[]}\">\n\t\t\t\t<div class=\"elementor-element elementor-element-ccd5bf4 elementor-widget__width-inherit elementor-position-top elementor-widget elementor-widget-image-box\" data-id=\"ccd5bf4\" data-element_type=\"widget\" data-widget_type=\"image-box.default\">\n\t\t\t\t\t<div class=\"elementor-image-box-wrapper\"><figure class=\"elementor-image-box-img\"><img decoding=\"async\" src=\"https:\/\/alagev.org\/wp-content\/uploads\/2025\/03\/Asset-5-1.svg\" title=\"Associe-se\" alt=\"Associe-se\" loading=\"lazy\" \/><\/figure><div class=\"elementor-image-box-content\"><h3 class=\"elementor-image-box-title\">Networking qualificado<\/h3><\/div><\/div>\t\t\t\t<\/div>\n\t\t\t\t<div class=\"elementor-element elementor-element-6644811 elementor-widget__width-inherit elementor-position-top elementor-widget elementor-widget-image-box\" data-id=\"6644811\" data-element_type=\"widget\" data-widget_type=\"image-box.default\">\n\t\t\t\t\t<div class=\"elementor-image-box-wrapper\"><figure class=\"elementor-image-box-img\"><img decoding=\"async\" width=\"180\" height=\"165\" src=\"https:\/\/alagev.org\/wp-content\/uploads\/2025\/03\/Asset-3-1.svg\" class=\"attachment-full size-full wp-image-4120\" alt=\"\" \/><\/figure><div class=\"elementor-image-box-content\"><h3 class=\"elementor-image-box-title\">Pesquisas e intelig\u00eancia de mercado<\/h3><\/div><\/div>\t\t\t\t<\/div>\n\t\t\t\t<div class=\"elementor-element elementor-element-cf87597 elementor-widget__width-inherit elementor-position-top elementor-widget elementor-widget-image-box\" data-id=\"cf87597\" data-element_type=\"widget\" data-widget_type=\"image-box.default\">\n\t\t\t\t\t<div class=\"elementor-image-box-wrapper\"><figure class=\"elementor-image-box-img\"><img decoding=\"async\" width=\"180\" height=\"165\" src=\"https:\/\/alagev.org\/wp-content\/uploads\/2025\/03\/Asset-4-1.svg\" class=\"attachment-full size-full wp-image-4124\" alt=\"\" \/><\/figure><div class=\"elementor-image-box-content\"><h3 class=\"elementor-image-box-title\">Conte\u00fados exclusivos das \u00faltimas tend\u00eancias<\/h3><\/div><\/div>\t\t\t\t<\/div>\n\t\t\t\t<div class=\"elementor-element elementor-element-551a20f elementor-widget__width-inherit elementor-position-top elementor-widget elementor-widget-image-box\" data-id=\"551a20f\" data-element_type=\"widget\" data-widget_type=\"image-box.default\">\n\t\t\t\t\t<div class=\"elementor-image-box-wrapper\"><figure class=\"elementor-image-box-img\"><img loading=\"lazy\" decoding=\"async\" width=\"180\" height=\"165\" src=\"https:\/\/alagev.org\/wp-content\/uploads\/2025\/03\/Asset-2-1.svg\" class=\"attachment-full size-full wp-image-4121\" alt=\"\" \/><\/figure><div class=\"elementor-image-box-content\"><h3 class=\"elementor-image-box-title\">Solu\u00e7\u00f5es personalizadas para empresas<\/h3><\/div><\/div>\t\t\t\t<\/div>\n\t\t\t\t<div class=\"elementor-element elementor-element-132a311 elementor-widget__width-inherit elementor-position-top elementor-widget elementor-widget-image-box\" data-id=\"132a311\" data-element_type=\"widget\" data-widget_type=\"image-box.default\">\n\t\t\t\t\t<div class=\"elementor-image-box-wrapper\"><figure class=\"elementor-image-box-img\"><img loading=\"lazy\" decoding=\"async\" width=\"180\" height=\"165\" src=\"https:\/\/alagev.org\/wp-content\/uploads\/2025\/03\/Asset-1.svg\" class=\"attachment-full size-full wp-image-4122\" alt=\"\" \/><\/figure><div class=\"elementor-image-box-content\"><h3 class=\"elementor-image-box-title\">Muita conex\u00e3o, compartilhamento e capacita\u00e7\u00e3o<\/h3><\/div><\/div>\t\t\t\t<\/div>\n\t\t\t\t<\/div>\n\t\t\t\t<div class=\"elementor-element elementor-element-beed805 elementor-mobile-align-center elementor-widget-mobile__width-inherit elementor-hidden-desktop elementor-hidden-tablet elementor-hidden-mobile elementor-widget elementor-widget-button\" data-id=\"beed805\" data-element_type=\"widget\" data-widget_type=\"button.default\">\n\t\t\t\t\t\t\t\t\t\t<a class=\"elementor-button elementor-button-link elementor-size-sm elementor-animation-grow\" href=\"#\">\n\t\t\t\t\t\t<span class=\"elementor-button-content-wrapper\">\n\t\t\t\t\t\t\t\t\t<span class=\"elementor-button-text\">Quero construir um novo mercado!<\/span>\n\t\t\t\t\t<\/span>\n\t\t\t\t\t<\/a>\n\t\t\t\t\t\t\t\t<\/div>\n\t\t\t\t<\/div>\n\t\t\t\t\t<\/div>\n\t\t\t\t<\/div>\n\t\t<div class=\"elementor-element elementor-element-1fd7143 e-flex e-con-boxed e-con e-parent\" data-id=\"1fd7143\" data-element_type=\"container\" data-settings=\"{&quot;background_background&quot;:&quot;classic&quot;,&quot;jet_parallax_layout_list&quot;:[]}\">\n\t\t\t\t\t<div class=\"e-con-inner\">\n\t\t\t\t<div class=\"elementor-element elementor-element-b308136 elementor-invisible elementor-widget elementor-widget-text-editor\" data-id=\"b308136\" data-element_type=\"widget\" data-settings=\"{&quot;_animation&quot;:&quot;bounceInLeft&quot;}\" data-widget_type=\"text-editor.default\">\n\t\t\t\t\t\t\t\t\t<p>Se voc\u00ea \u00e9 GESTOR, ASSOCIE-SE <strong>SEM CUSTO<\/strong><\/p>\t\t\t\t\t\t\t\t<\/div>\n\t\t\t\t<div class=\"elementor-element elementor-element-d42b7cf elementor-invisible elementor-widget elementor-widget-text-editor\" data-id=\"d42b7cf\" data-element_type=\"widget\" data-settings=\"{&quot;_animation&quot;:&quot;bounceInLeft&quot;}\" data-widget_type=\"text-editor.default\">\n\t\t\t\t\t\t\t\t\t<p>Se voc\u00ea \u00e9 FORNECEDOR, conhe\u00e7a NOSSOS <strong>PLANOS ACESS\u00cdVEIS!<\/strong><\/p>\t\t\t\t\t\t\t\t<\/div>\n\t\t\t\t<div class=\"elementor-element elementor-element-27a0848 elementor-align-center elementor-hidden-desktop elementor-hidden-tablet elementor-hidden-mobile elementor-widget elementor-widget-button\" data-id=\"27a0848\" data-element_type=\"widget\" data-widget_type=\"button.default\">\n\t\t\t\t\t\t\t\t\t\t<a class=\"elementor-button elementor-button-link elementor-size-sm elementor-animation-grow\" href=\"#\">\n\t\t\t\t\t\t<span class=\"elementor-button-content-wrapper\">\n\t\t\t\t\t\t\t\t\t<span class=\"elementor-button-text\">Quero conhecer agora mesmo!<\/span>\n\t\t\t\t\t<\/span>\n\t\t\t\t\t<\/a>\n\t\t\t\t\t\t\t\t<\/div>\n\t\t\t\t\t<\/div>\n\t\t\t\t<\/div>\n\t\t<div class=\"elementor-element elementor-element-8131406 e-flex e-con-boxed e-con e-parent\" data-id=\"8131406\" data-element_type=\"container\" data-settings=\"{&quot;background_background&quot;:&quot;classic&quot;,&quot;jet_parallax_layout_list&quot;:[]}\">\n\t\t\t\t\t<div class=\"e-con-inner\">\n\t\t<div class=\"elementor-element elementor-element-51840f4 e-con-full e-flex e-con e-child\" data-id=\"51840f4\" data-element_type=\"container\" data-settings=\"{&quot;jet_parallax_layout_list&quot;:[]}\">\n\t\t\t\t<div class=\"elementor-element elementor-element-30f87f0 elementor-widget elementor-widget-heading\" data-id=\"30f87f0\" data-element_type=\"widget\" data-widget_type=\"heading.default\">\n\t\t\t\t\t<h2 class=\"elementor-heading-title elementor-size-default\">Fa\u00e7a parte da maior rede de relacionamento do setor de viagens e eventos corporativos.<\/h2>\t\t\t\t<\/div>\n\t\t\t\t<div class=\"elementor-element elementor-element-f95b131 elementor-widget elementor-widget-text-editor\" data-id=\"f95b131\" data-element_type=\"widget\" data-widget_type=\"text-editor.default\">\n\t\t\t\t\t\t\t\t\t<p><em>Seja a transforma\u00e7\u00e3o da nossa ind\u00fastria e venha se capacitar e trocar experi\u00eancias!<\/em><\/p>\t\t\t\t\t\t\t\t<\/div>\n\t\t\t\t<\/div>\n\t\t<div class=\"elementor-element elementor-element-a268462 e-con-full e-flex e-con e-child\" data-id=\"a268462\" data-element_type=\"container\" data-settings=\"{&quot;jet_parallax_layout_list&quot;:[]}\">\n\t\t<div class=\"elementor-element elementor-element-f952f53 e-con-full e-flex e-con e-child\" data-id=\"f952f53\" data-element_type=\"container\" data-settings=\"{&quot;background_background&quot;:&quot;classic&quot;,&quot;jet_parallax_layout_list&quot;:[]}\">\n\t\t\t\t<div class=\"elementor-element elementor-element-e111356 elementor-widget elementor-widget-heading\" data-id=\"e111356\" data-element_type=\"widget\" data-widget_type=\"heading.default\">\n\t\t\t\t\t<h2 class=\"elementor-heading-title elementor-size-default\">Preencha a proposta de associa\u00e7\u00e3o:<\/h2>\t\t\t\t<\/div>\n\t\t\t\t<div class=\"elementor-element elementor-element-8bac252 elementor-align-justify elementor-widget elementor-widget-button\" data-id=\"8bac252\" data-element_type=\"widget\" data-widget_type=\"button.default\">\n\t\t\t\t\t\t\t\t\t\t<a class=\"elementor-button elementor-button-link elementor-size-sm\" href=\"https:\/\/alagev.org\/en\/proposta-adesao\/?_tipo=fornecedor#formulario-associados\" _tipo=\"fornecedor\">\n\t\t\t\t\t\t<span class=\"elementor-button-content-wrapper\">\n\t\t\t\t\t\t\t\t\t<span class=\"elementor-button-text\">Fornecedor<\/span>\n\t\t\t\t\t<\/span>\n\t\t\t\t\t<\/a>\n\t\t\t\t\t\t\t\t<\/div>\n\t\t\t\t<div class=\"elementor-element elementor-element-d344237 elementor-align-justify elementor-widget elementor-widget-button\" data-id=\"d344237\" data-element_type=\"widget\" data-widget_type=\"button.default\">\n\t\t\t\t\t\t\t\t\t\t<a class=\"elementor-button elementor-button-link elementor-size-sm\" href=\"https:\/\/alagev.org\/en\/proposta-adesao\/?_tipo=cliente-final#formulario-associados\" _tipo=\"cliente-final\">\n\t\t\t\t\t\t<span class=\"elementor-button-content-wrapper\">\n\t\t\t\t\t\t\t\t\t<span class=\"elementor-button-text\">Cliente final<\/span>\n\t\t\t\t\t<\/span>\n\t\t\t\t\t<\/a>\n\t\t\t\t\t\t\t\t<\/div>\n\t\t\t\t<div class=\"elementor-element elementor-element-6e1f046 elementor-align-justify elementor-widget elementor-widget-button\" data-id=\"6e1f046\" data-element_type=\"widget\" data-widget_type=\"button.default\">\n\t\t\t\t\t\t\t\t\t\t<a class=\"elementor-button elementor-button-link elementor-size-sm\" href=\"https:\/\/alagev.org\/en\/proposta-adesao\/?_tipo=pessoa-fisica#formulario-associados\" _tipo=\"pessoa-fisica\">\n\t\t\t\t\t\t<span class=\"elementor-button-content-wrapper\">\n\t\t\t\t\t\t\t\t\t<span class=\"elementor-button-text\">Pessoa F\u00edsica<\/span>\n\t\t\t\t\t<\/span>\n\t\t\t\t\t<\/a>\n\t\t\t\t\t\t\t\t<\/div>\n\t\t\t\t<\/div>\n\t\t\t\t<\/div>\n\t\t\t\t\t<\/div>\n\t\t\t\t<\/div>\n\t\t\t\t<\/div>","protected":false},"excerpt":{"rendered":"<p>Associe-se SEJA UM ASSOCIADO ALAGEV Compartilhar as melhores pr\u00e1ticas e conte\u00fado qualificado Conectar o mercado de Viagens e Eventos Corporativos Capacitar e promover para desenvolvimento da Ind\u00fastria VANTAGENS DE SER ASSOCIADO ALAGEV A ALAGEV \u00e9 um espa\u00e7o de muito networking, benchmark, aprendizado, crescimento pessoal e profissional, al\u00e9m de descontos em nossos eventos e muitas outras [&hellip;]<\/p>","protected":false},"author":2,"featured_media":0,"parent":0,"menu_order":0,"comment_status":"closed","ping_status":"closed","template":"","meta":{"footnotes":""},"class_list":["post-1991","page","type-page","status-publish","hentry"],"_links":{"self":[{"href":"https:\/\/alagev.org\/en\/wp-json\/wp\/v2\/pages\/1991","targetHints":{"allow":["GET"]}}],"collection":[{"href":"https:\/\/alagev.org\/en\/wp-json\/wp\/v2\/pages"}],"about":[{"href":"https:\/\/alagev.org\/en\/wp-json\/wp\/v2\/types\/page"}],"author":[{"embeddable":true,"href":"https:\/\/alagev.org\/en\/wp-json\/wp\/v2\/users\/2"}],"replies":[{"embeddable":true,"href":"https:\/\/alagev.org\/en\/wp-json\/wp\/v2\/comments?post=1991"}],"version-history":[{"count":218,"href":"https:\/\/alagev.org\/en\/wp-json\/wp\/v2\/pages\/1991\/revisions"}],"predecessor-version":[{"id":5756,"href":"https:\/\/alagev.org\/en\/wp-json\/wp\/v2\/pages\/1991\/revisions\/5756"}],"wp:attachment":[{"href":"https:\/\/alagev.org\/en\/wp-json\/wp\/v2\/media?parent=1991"}],"curies":[{"name":"wp","href":"https:\/\/api.w.org\/{rel}","templated":true}]}}