{"id":1985,"date":"2025-01-28T16:01:40","date_gmt":"2025-01-28T19:01:40","guid":{"rendered":"https:\/\/alagev.org\/?page_id=1985"},"modified":"2026-01-23T10:38:39","modified_gmt":"2026-01-23T13:38:39","slug":"canais","status":"publish","type":"page","link":"https:\/\/alagev.org\/en\/canais\/","title":{"rendered":"CANAIS"},"content":{"rendered":"<div data-elementor-type=\"wp-page\" data-elementor-id=\"1985\" class=\"elementor elementor-1985\" data-elementor-post-type=\"page\">\n\t\t\t\t<div class=\"elementor-element elementor-element-73f8156 e-con-full e-flex e-con e-parent\" data-id=\"73f8156\" data-element_type=\"container\" data-settings=\"{&quot;background_background&quot;:&quot;classic&quot;,&quot;jet_parallax_layout_list&quot;:[],&quot;background_motion_fx_motion_fx_scrolling&quot;:&quot;yes&quot;,&quot;background_motion_fx_translateX_effect&quot;:&quot;yes&quot;,&quot;background_motion_fx_translateX_direction&quot;:&quot;negative&quot;,&quot;background_motion_fx_translateX_speed&quot;:{&quot;unit&quot;:&quot;px&quot;,&quot;size&quot;:10,&quot;sizes&quot;:[]},&quot;background_motion_fx_translateX_affectedRange&quot;:{&quot;unit&quot;:&quot;%&quot;,&quot;size&quot;:&quot;&quot;,&quot;sizes&quot;:{&quot;start&quot;:0,&quot;end&quot;:100}},&quot;background_motion_fx_devices&quot;:[&quot;desktop&quot;,&quot;tablet&quot;,&quot;mobile&quot;]}\">\n\t\t\t\t<div class=\"elementor-element elementor-element-82bcc02 elementor-widget elementor-widget-spacer\" data-id=\"82bcc02\" data-element_type=\"widget\" data-widget_type=\"spacer.default\">\n\t\t\t\t\t\t\t<div class=\"elementor-spacer\">\n\t\t\t<div class=\"elementor-spacer-inner\"><\/div>\n\t\t<\/div>\n\t\t\t\t\t\t<\/div>\n\t\t\t\t<\/div>\n\t\t<div class=\"elementor-element elementor-element-83f7d4c e-flex e-con-boxed e-con e-parent\" data-id=\"83f7d4c\" data-element_type=\"container\" data-settings=\"{&quot;background_background&quot;:&quot;classic&quot;,&quot;jet_parallax_layout_list&quot;:[]}\">\n\t\t\t\t\t<div class=\"e-con-inner\">\n\t\t\t\t<div class=\"elementor-element elementor-element-d21d312 elementor-widget__width-initial elementor-widget-mobile__width-initial elementor-widget elementor-widget-image\" data-id=\"d21d312\" data-element_type=\"widget\" data-widget_type=\"image.default\">\n\t\t\t\t\t\t\t\t\t\t\t\t\t\t\t<img decoding=\"async\" src=\"https:\/\/alagev.org\/wp-content\/uploads\/2025\/01\/Asset-19.svg\" title=\"Asset 19\" alt=\"Canais\" loading=\"lazy\" \/>\t\t\t\t\t\t\t\t\t\t\t\t\t\t\t<\/div>\n\t\t<div class=\"elementor-element elementor-element-54e5492 e-con-full e-flex e-con e-child\" data-id=\"54e5492\" data-element_type=\"container\" data-settings=\"{&quot;jet_parallax_layout_list&quot;:[]}\">\n\t\t\t\t<div class=\"elementor-element elementor-element-e1035f6 elementor-widget elementor-widget-heading\" data-id=\"e1035f6\" data-element_type=\"widget\" data-widget_type=\"heading.default\">\n\t\t\t\t\t<h1 class=\"elementor-heading-title elementor-size-default\">Canais<\/h1>\t\t\t\t<\/div>\n\t\t\t\t<div class=\"elementor-element elementor-element-7d34df6 elementor-widget__width-initial elementor-invisible elementor-widget elementor-widget-text-editor\" data-id=\"7d34df6\" data-element_type=\"widget\" data-settings=\"{&quot;_animation&quot;:&quot;fadeIn&quot;}\" data-widget_type=\"text-editor.default\">\n\t\t\t\t\t\t\t\t\t<p>Os canais ALAGEV trazem conte\u00fado, capacita\u00e7\u00e3o, conex\u00e3o e muito networking focados no mercado de viagens e eventos corporativos.<br \/>S\u00e3o v\u00eddeos, publica\u00e7\u00f5es, artigos, entrevistas, dicas e coment\u00e1rios que mostram as \u00faltimas tend\u00eancias e melhores pr\u00e1ticas da Ind\u00fastria.<\/p>\t\t\t\t\t\t\t\t<\/div>\n\t\t\t\t<\/div>\n\t\t\t\t\t<\/div>\n\t\t\t\t<\/div>\n\t\t<div class=\"elementor-element elementor-element-de3fc58 e-flex e-con-boxed e-con e-parent\" data-id=\"de3fc58\" data-element_type=\"container\" data-settings=\"{&quot;background_background&quot;:&quot;classic&quot;,&quot;jet_parallax_layout_list&quot;:[]}\">\n\t\t\t\t\t<div class=\"e-con-inner\">\n\t\t<div class=\"elementor-element elementor-element-efa1a9d e-con-full elementor-hidden-mobile e-flex e-con e-child\" data-id=\"efa1a9d\" data-element_type=\"container\" data-settings=\"{&quot;animation&quot;:&quot;none&quot;,&quot;sticky_offset&quot;:40,&quot;sticky_parent&quot;:&quot;yes&quot;,&quot;sticky&quot;:&quot;top&quot;,&quot;sticky_on&quot;:[&quot;desktop&quot;],&quot;jet_parallax_layout_list&quot;:[],&quot;sticky_effects_offset&quot;:0,&quot;sticky_anchor_link_offset&quot;:0}\">\n\t\t\t\t<div class=\"elementor-element elementor-element-e57e5f3 elementor-widget-divider--view-line_text elementor-widget-divider--element-align-center elementor-widget elementor-widget-divider\" data-id=\"e57e5f3\" data-element_type=\"widget\" data-widget_type=\"divider.default\">\n\t\t\t\t\t\t\t<div class=\"elementor-divider\">\n\t\t\t<span class=\"elementor-divider-separator\">\n\t\t\t\t\t\t\t<span class=\"elementor-divider__text elementor-divider__element\">\n\t\t\t\t\u00faltimas postagens\t\t\t\t<\/span>\n\t\t\t\t\t\t<\/span>\n\t\t<\/div>\n\t\t\t\t\t\t<\/div>\n\t\t\t\t<div class=\"elementor-element elementor-element-8165482 elementor-widget elementor-widget-jet-instagram-gallery\" data-id=\"8165482\" data-element_type=\"widget\" data-settings=\"{&quot;columns&quot;:&quot;1&quot;}\" data-widget_type=\"jet-instagram-gallery.default\">\n\t\t\t\t<div class=\"elementor-widget-container\">\n\t\t\t\t\t<div class=\"elementor-jet-instagram-gallery jet-elements\">\n<div class=\"jet-instagram-gallery__instance layout-type-masonry show-overlay-on-hover salvattore column-desktop-1 column-tablet-2 column-mobile-1\" data-columns data-settings='{\"layoutType\":\"masonry\",\"columns\":\"1\",\"columnsTablet\":\"\",\"columnsMobile\":\"\"}'><div class=\"jet-instagram-gallery__item\"><div class=\"jet-instagram-gallery__inner\">Error validating access token: Session has expired on Friday, 13-Mar-26 12:12:38 PDT. The current time is Monday, 13-Apr-26 04:49:20 PDT.<\/div><\/div><\/div>\n<\/div>\t\t\t\t<\/div>\n\t\t\t\t<\/div>\n\t\t\t\t<\/div>\n\t\t<div class=\"elementor-element elementor-element-6e16806 e-con-full e-flex e-con e-child\" data-id=\"6e16806\" data-element_type=\"container\" data-settings=\"{&quot;animation&quot;:&quot;none&quot;,&quot;sticky_offset&quot;:40,&quot;sticky_parent&quot;:&quot;yes&quot;,&quot;sticky&quot;:&quot;top&quot;,&quot;sticky_on&quot;:[&quot;desktop&quot;],&quot;jet_parallax_layout_list&quot;:[],&quot;sticky_effects_offset&quot;:0,&quot;sticky_anchor_link_offset&quot;:0}\">\n\t\t<div class=\"elementor-element elementor-element-0dedaaa e-con-full e-flex e-con e-child\" data-id=\"0dedaaa\" data-element_type=\"container\" data-settings=\"{&quot;background_background&quot;:&quot;classic&quot;,&quot;jet_parallax_layout_list&quot;:[]}\">\n\t\t\t\t<div class=\"elementor-element elementor-element-178a5d5 elementor-widget__width-inherit elementor-absolute elementor-widget elementor-widget-heading\" data-id=\"178a5d5\" data-element_type=\"widget\" data-settings=\"{&quot;_position&quot;:&quot;absolute&quot;}\" data-widget_type=\"heading.default\">\n\t\t\t\t\t<span class=\"elementor-heading-title elementor-size-default\">INSTAGRAM<\/span>\t\t\t\t<\/div>\n\t\t\t\t<div class=\"elementor-element elementor-element-7ae814c elementor-invisible elementor-widget elementor-widget-text-editor\" data-id=\"7ae814c\" data-element_type=\"widget\" data-settings=\"{&quot;_animation&quot;:&quot;fadeIn&quot;}\" data-widget_type=\"text-editor.default\">\n\t\t\t\t\t\t\t\t\t<p>O Instagram da ALAGEV \u00e9 o ponto de encontro dos profissionais de viagens e eventos corporativos! Aqui, \u00e9 poss\u00edvel acompanhar de perto as tend\u00eancias do setor, insights exclusivos, informa\u00e7\u00f5es e resultados das nossas a\u00e7\u00f5es e eventos, al\u00e9m de momentos de conex\u00e3o que impulsionam networking e neg\u00f3cios. Transformar conhecimento em experi\u00eancias e criar um ecossistema mais inovador e colaborativo s\u00e3o nossos principais objetivos. Fique por dentro das novidades: interaja com a comunidade e inspire-se com conte\u00fados que fazem a diferen\u00e7a! Siga, compartilhe e fa\u00e7a parte desse movimento!<\/p>\t\t\t\t\t\t\t\t<\/div>\n\t\t\t\t<div class=\"elementor-element elementor-element-875e53f elementor-align-center elementor-widget elementor-widget-button\" data-id=\"875e53f\" data-element_type=\"widget\" data-widget_type=\"button.default\">\n\t\t\t\t\t\t\t\t\t\t<a class=\"elementor-button elementor-button-link elementor-size-sm elementor-animation-grow\" href=\"https:\/\/www.instagram.com\/alagev.oficial\/\" target=\"_blank\" rel=\"noopener\">\n\t\t\t\t\t\t<span class=\"elementor-button-content-wrapper\">\n\t\t\t\t\t\t\t\t\t<span class=\"elementor-button-text\">Clique aqui<\/span>\n\t\t\t\t\t<\/span>\n\t\t\t\t\t<\/a>\n\t\t\t\t\t\t\t\t<\/div>\n\t\t\t\t<\/div>\n\t\t\t\t<\/div>\n\t\t\t\t\t<\/div>\n\t\t\t\t<\/div>\n\t\t<div class=\"elementor-element elementor-element-79c4c02 e-flex e-con-boxed e-con e-parent\" data-id=\"79c4c02\" data-element_type=\"container\" data-settings=\"{&quot;jet_parallax_layout_list&quot;:[],&quot;background_background&quot;:&quot;classic&quot;}\">\n\t\t\t\t\t<div class=\"e-con-inner\">\n\t\t<div class=\"elementor-element elementor-element-da3fdc1 e-con-full e-flex e-con e-child\" data-id=\"da3fdc1\" data-element_type=\"container\" data-settings=\"{&quot;background_background&quot;:&quot;classic&quot;,&quot;jet_parallax_layout_list&quot;:[]}\">\n\t\t\t\t<div class=\"elementor-element elementor-element-7fdbca9 elementor-widget__width-inherit elementor-absolute elementor-widget elementor-widget-heading\" data-id=\"7fdbca9\" data-element_type=\"widget\" data-settings=\"{&quot;_position&quot;:&quot;absolute&quot;}\" data-widget_type=\"heading.default\">\n\t\t\t\t\t<span class=\"elementor-heading-title elementor-size-default\">CONECTA CAST<\/span>\t\t\t\t<\/div>\n\t\t<div class=\"elementor-element elementor-element-b72e939 e-con-full e-flex e-con e-child\" data-id=\"b72e939\" data-element_type=\"container\" data-settings=\"{&quot;jet_parallax_layout_list&quot;:[]}\">\n\t\t\t\t<div class=\"elementor-element elementor-element-f4c8bc8 elementor-widget__width-initial elementor-widget-mobile__width-initial elementor-widget elementor-widget-image\" data-id=\"f4c8bc8\" data-element_type=\"widget\" data-widget_type=\"image.default\">\n\t\t\t\t\t\t\t\t\t\t\t\t\t\t\t<img fetchpriority=\"high\" decoding=\"async\" width=\"482\" height=\"476\" src=\"https:\/\/alagev.org\/wp-content\/uploads\/2025\/02\/CONECTA-CAST.svg\" class=\"attachment-full size-full wp-image-3289\" alt=\"Canais\" \/>\t\t\t\t\t\t\t\t\t\t\t\t\t\t\t<\/div>\n\t\t\t\t<div class=\"elementor-element elementor-element-987c947 elementor-invisible elementor-widget elementor-widget-text-editor\" data-id=\"987c947\" data-element_type=\"widget\" data-settings=\"{&quot;_animation&quot;:&quot;fadeIn&quot;}\" data-widget_type=\"text-editor.default\">\n\t\t\t\t\t\t\t\t\t<p>O ConectaCast \u00e9 o podcast da ALAGEV, uma fonte moderna e descontra\u00edda de compartilhar informa\u00e7\u00f5es e se atualizar sobre fatos, acontecimentos e inova\u00e7\u00f5es da ind\u00fastria de viagens e eventos.<\/p>\t\t\t\t\t\t\t\t<\/div>\n\t\t\t\t<\/div>\n\t\t\t\t<div class=\"elementor-element elementor-element-189764f elementor-align-center elementor-widget elementor-widget-button\" data-id=\"189764f\" data-element_type=\"widget\" data-widget_type=\"button.default\">\n\t\t\t\t\t\t\t\t\t\t<a class=\"elementor-button elementor-button-link elementor-size-sm elementor-animation-grow\" href=\"https:\/\/open.spotify.com\/show\/1u2UJWeB2l6tBJj4ecEsYv?si=d49fd5e4185642a6\" target=\"_blank\" rel=\"noopener\">\n\t\t\t\t\t\t<span class=\"elementor-button-content-wrapper\">\n\t\t\t\t\t\t\t\t\t<span class=\"elementor-button-text\">Clique aqui<\/span>\n\t\t\t\t\t<\/span>\n\t\t\t\t\t<\/a>\n\t\t\t\t\t\t\t\t<\/div>\n\t\t\t\t<\/div>\n\t\t<div class=\"elementor-element elementor-element-16d979e e-con-full e-flex e-con e-child\" data-id=\"16d979e\" data-element_type=\"container\" data-settings=\"{&quot;background_background&quot;:&quot;classic&quot;,&quot;jet_parallax_layout_list&quot;:[]}\">\n\t\t\t\t<div class=\"elementor-element elementor-element-d8ef2ea elementor-widget__width-inherit elementor-absolute elementor-widget elementor-widget-heading\" data-id=\"d8ef2ea\" data-element_type=\"widget\" data-settings=\"{&quot;_position&quot;:&quot;absolute&quot;}\" data-widget_type=\"heading.default\">\n\t\t\t\t\t<span class=\"elementor-heading-title elementor-size-default\">TV ALAGEV<\/span>\t\t\t\t<\/div>\n\t\t<div class=\"elementor-element elementor-element-4b4a461 e-con-full e-flex e-con e-child\" data-id=\"4b4a461\" data-element_type=\"container\" data-settings=\"{&quot;jet_parallax_layout_list&quot;:[]}\">\n\t\t\t\t<div class=\"elementor-element elementor-element-fb62539 elementor-widget__width-initial elementor-widget-mobile__width-initial elementor-widget elementor-widget-image\" data-id=\"fb62539\" data-element_type=\"widget\" data-widget_type=\"image.default\">\n\t\t\t\t\t\t\t\t\t\t\t\t\t\t\t<img decoding=\"async\" width=\"482\" height=\"476\" src=\"https:\/\/alagev.org\/wp-content\/uploads\/2025\/02\/YOUTUBE.svg\" class=\"attachment-full size-full wp-image-3281\" alt=\"\" \/>\t\t\t\t\t\t\t\t\t\t\t\t\t\t\t<\/div>\n\t\t\t\t<div class=\"elementor-element elementor-element-5301efc elementor-invisible elementor-widget elementor-widget-text-editor\" data-id=\"5301efc\" data-element_type=\"widget\" data-settings=\"{&quot;_animation&quot;:&quot;fadeIn&quot;}\" data-widget_type=\"text-editor.default\">\n\t\t\t\t\t\t\t\t\t<p>Canal em v\u00eddeo de conte\u00fados gravados e intera\u00e7\u00f5es ao vivo com a audi\u00eancia e os associados, promovendo discuss\u00f5es relevantes, amplia\u00e7\u00e3o do conhecimento, networking e gera\u00e7\u00e3o de oportunidades, dispon\u00edvel no YouTube.<\/p>\t\t\t\t\t\t\t\t<\/div>\n\t\t\t\t<\/div>\n\t\t\t\t<div class=\"elementor-element elementor-element-060e07b elementor-align-center elementor-widget elementor-widget-button\" data-id=\"060e07b\" data-element_type=\"widget\" data-widget_type=\"button.default\">\n\t\t\t\t\t\t\t\t\t\t<a class=\"elementor-button elementor-button-link elementor-size-sm elementor-animation-grow\" href=\"https:\/\/www.youtube.com\/@TVALAGEV\" target=\"_blank\" rel=\"noopener\">\n\t\t\t\t\t\t<span class=\"elementor-button-content-wrapper\">\n\t\t\t\t\t\t\t\t\t<span class=\"elementor-button-text\">Clique aqui<\/span>\n\t\t\t\t\t<\/span>\n\t\t\t\t\t<\/a>\n\t\t\t\t\t\t\t\t<\/div>\n\t\t\t\t<\/div>\n\t\t\t\t\t<\/div>\n\t\t\t\t<\/div>\n\t\t<div class=\"elementor-element elementor-element-631786c e-flex e-con-boxed e-con e-parent\" data-id=\"631786c\" data-element_type=\"container\" data-settings=\"{&quot;jet_parallax_layout_list&quot;:[],&quot;background_background&quot;:&quot;classic&quot;}\">\n\t\t\t\t\t<div class=\"e-con-inner\">\n\t\t<div class=\"elementor-element elementor-element-8ffc257 e-con-full e-flex e-con e-child\" data-id=\"8ffc257\" data-element_type=\"container\" data-settings=\"{&quot;background_background&quot;:&quot;classic&quot;,&quot;jet_parallax_layout_list&quot;:[]}\">\n\t\t\t\t<div class=\"elementor-element elementor-element-f3235d7 elementor-widget__width-inherit elementor-absolute elementor-widget elementor-widget-heading\" data-id=\"f3235d7\" data-element_type=\"widget\" data-settings=\"{&quot;_position&quot;:&quot;absolute&quot;}\" data-widget_type=\"heading.default\">\n\t\t\t\t\t<span class=\"elementor-heading-title elementor-size-default\">LINKEDIN<\/span>\t\t\t\t<\/div>\n\t\t<div class=\"elementor-element elementor-element-d33bad5 e-con-full e-flex e-con e-child\" data-id=\"d33bad5\" data-element_type=\"container\" data-settings=\"{&quot;jet_parallax_layout_list&quot;:[]}\">\n\t\t\t\t<div class=\"elementor-element elementor-element-dd04cdf elementor-widget__width-initial elementor-widget-mobile__width-initial elementor-widget elementor-widget-image\" data-id=\"dd04cdf\" data-element_type=\"widget\" data-widget_type=\"image.default\">\n\t\t\t\t\t\t\t\t\t\t\t\t\t\t\t<img decoding=\"async\" width=\"482\" height=\"476\" src=\"https:\/\/alagev.org\/wp-content\/uploads\/2025\/02\/LINKEDIN.svg\" class=\"attachment-full size-full wp-image-3280\" alt=\"\" \/>\t\t\t\t\t\t\t\t\t\t\t\t\t\t\t<\/div>\n\t\t\t\t<div class=\"elementor-element elementor-element-c5a65b9 elementor-invisible elementor-widget elementor-widget-text-editor\" data-id=\"c5a65b9\" data-element_type=\"widget\" data-settings=\"{&quot;_animation&quot;:&quot;fadeIn&quot;}\" data-widget_type=\"text-editor.default\">\n\t\t\t\t\t\t\t\t\t<p>Plataforma oficial da ALAGEV no LinkedIn, dedicado ao compartilhamento de conte\u00fados estrat\u00e9gicos e relevantes para o p\u00fablico qualificado dentro do mercado de viagens e eventos corporativos. Artigos, insights e tend\u00eancias que impulsionam a profissionaliza\u00e7\u00e3o do setor, promovem o networking qualificado e fomentam boas pr\u00e1ticas de gest\u00e3o est\u00e3o dispon\u00edveis e atualizados. Conecte-se conosco e esteja sempre \u00e0 frente das transforma\u00e7\u00f5es do mercado!<\/p>\t\t\t\t\t\t\t\t<\/div>\n\t\t\t\t<\/div>\n\t\t\t\t<div class=\"elementor-element elementor-element-ffcdc3c elementor-align-center elementor-widget elementor-widget-button\" data-id=\"ffcdc3c\" data-element_type=\"widget\" data-widget_type=\"button.default\">\n\t\t\t\t\t\t\t\t\t\t<a class=\"elementor-button elementor-button-link elementor-size-sm elementor-animation-grow\" href=\"https:\/\/www.linkedin.com\/company\/alagev\/\" target=\"_blank\" rel=\"noopener\">\n\t\t\t\t\t\t<span class=\"elementor-button-content-wrapper\">\n\t\t\t\t\t\t\t\t\t<span class=\"elementor-button-text\">Clique aqui<\/span>\n\t\t\t\t\t<\/span>\n\t\t\t\t\t<\/a>\n\t\t\t\t\t\t\t\t<\/div>\n\t\t\t\t<\/div>\n\t\t<div class=\"elementor-element elementor-element-382a0c0 e-con-full e-flex e-con e-child\" data-id=\"382a0c0\" data-element_type=\"container\" data-settings=\"{&quot;background_background&quot;:&quot;classic&quot;,&quot;jet_parallax_layout_list&quot;:[]}\">\n\t\t\t\t<div class=\"elementor-element elementor-element-a61f30c elementor-widget__width-inherit elementor-absolute elementor-widget elementor-widget-heading\" data-id=\"a61f30c\" data-element_type=\"widget\" data-settings=\"{&quot;_position&quot;:&quot;absolute&quot;}\" data-widget_type=\"heading.default\">\n\t\t\t\t\t<span class=\"elementor-heading-title elementor-size-default\">FACEBOOK<\/span>\t\t\t\t<\/div>\n\t\t<div class=\"elementor-element elementor-element-3038fd5 e-con-full e-flex e-con e-child\" data-id=\"3038fd5\" data-element_type=\"container\" data-settings=\"{&quot;jet_parallax_layout_list&quot;:[]}\">\n\t\t\t\t<div class=\"elementor-element elementor-element-290d6b7 elementor-widget__width-initial elementor-widget-mobile__width-initial elementor-widget elementor-widget-image\" data-id=\"290d6b7\" data-element_type=\"widget\" data-widget_type=\"image.default\">\n\t\t\t\t\t\t\t\t\t\t\t\t\t\t\t<img loading=\"lazy\" decoding=\"async\" width=\"482\" height=\"476\" src=\"https:\/\/alagev.org\/wp-content\/uploads\/2025\/02\/FACEBOOK.svg\" class=\"attachment-full size-full wp-image-3282\" alt=\"\" \/>\t\t\t\t\t\t\t\t\t\t\t\t\t\t\t<\/div>\n\t\t\t\t<div class=\"elementor-element elementor-element-04baf83 elementor-invisible elementor-widget elementor-widget-text-editor\" data-id=\"04baf83\" data-element_type=\"widget\" data-settings=\"{&quot;_animation&quot;:&quot;fadeIn&quot;}\" data-widget_type=\"text-editor.default\">\n\t\t\t\t\t\t\t\t\t<p>P\u00e1gina oficial da ALAGEV no Facebook, onde se encontra conte\u00fados exclusivos sobre o universo de viagens e eventos corporativos, novidades do setor, tend\u00eancias de mercado e bastidores dos nossos eventos. Criamos um espa\u00e7o de troca, intera\u00e7\u00e3o e networking, conectando profissionais e impulsionando o desenvolvimento do setor. Curta, comente e compartilhe e venha fazer parte dessa comunidade!<\/p>\t\t\t\t\t\t\t\t<\/div>\n\t\t\t\t<\/div>\n\t\t\t\t<div class=\"elementor-element elementor-element-2eee720 elementor-align-center elementor-widget elementor-widget-button\" data-id=\"2eee720\" data-element_type=\"widget\" data-widget_type=\"button.default\">\n\t\t\t\t\t\t\t\t\t\t<a class=\"elementor-button elementor-button-link elementor-size-sm elementor-animation-grow\" href=\"https:\/\/www.facebook.com\/alagev.oficial\" target=\"_blank\" rel=\"noopener\">\n\t\t\t\t\t\t<span class=\"elementor-button-content-wrapper\">\n\t\t\t\t\t\t\t\t\t<span class=\"elementor-button-text\">CLIQUE AQUI<\/span>\n\t\t\t\t\t<\/span>\n\t\t\t\t\t<\/a>\n\t\t\t\t\t\t\t\t<\/div>\n\t\t\t\t<\/div>\n\t\t\t\t\t<\/div>\n\t\t\t\t<\/div>\n\t\t\t\t<\/div>","protected":false},"excerpt":{"rendered":"<p>Canais Os canais ALAGEV trazem conte\u00fado, capacita\u00e7\u00e3o, conex\u00e3o e muito networking focados no mercado de viagens e eventos corporativos.S\u00e3o v\u00eddeos, publica\u00e7\u00f5es, artigos, entrevistas, dicas e coment\u00e1rios que mostram as \u00faltimas tend\u00eancias e melhores pr\u00e1ticas da Ind\u00fastria. \u00faltimas postagens A ALAGEV acaba de lan\u00e7ar o \u201cPalavra do Conselheiro&hellip;Novos associados chegaram para fortalecer ainda ma&hellip;Mais do que [&hellip;]<\/p>","protected":false},"author":2,"featured_media":0,"parent":0,"menu_order":0,"comment_status":"closed","ping_status":"closed","template":"","meta":{"footnotes":""},"class_list":["post-1985","page","type-page","status-publish","hentry"],"_links":{"self":[{"href":"https:\/\/alagev.org\/en\/wp-json\/wp\/v2\/pages\/1985","targetHints":{"allow":["GET"]}}],"collection":[{"href":"https:\/\/alagev.org\/en\/wp-json\/wp\/v2\/pages"}],"about":[{"href":"https:\/\/alagev.org\/en\/wp-json\/wp\/v2\/types\/page"}],"author":[{"embeddable":true,"href":"https:\/\/alagev.org\/en\/wp-json\/wp\/v2\/users\/2"}],"replies":[{"embeddable":true,"href":"https:\/\/alagev.org\/en\/wp-json\/wp\/v2\/comments?post=1985"}],"version-history":[{"count":128,"href":"https:\/\/alagev.org\/en\/wp-json\/wp\/v2\/pages\/1985\/revisions"}],"predecessor-version":[{"id":7821,"href":"https:\/\/alagev.org\/en\/wp-json\/wp\/v2\/pages\/1985\/revisions\/7821"}],"wp:attachment":[{"href":"https:\/\/alagev.org\/en\/wp-json\/wp\/v2\/media?parent=1985"}],"curies":[{"name":"wp","href":"https:\/\/api.w.org\/{rel}","templated":true}]}}